{"id":828,"date":"2023-10-21T08:10:41","date_gmt":"2023-10-21T06:10:41","guid":{"rendered":"https:\/\/www.pedagogie.ac-nice.fr\/sti-pro\/?page_id=828"},"modified":"2023-10-21T08:13:33","modified_gmt":"2023-10-21T06:13:33","slug":"mveb","status":"publish","type":"page","link":"https:\/\/www.pedagogie.ac-nice.fr\/sti-pro\/se-former\/mveb\/","title":{"rendered":"MVEB"},"content":{"rendered":"<h1><b>M<\/b>aintenance des <b>V<\/b>\u00e9hicules <b>\u00c9<\/b>lectriques \u00e0 <b>B<\/b>atterie (MVEB)<\/h1>\n<p><iframe loading=\"lazy\" title=\"Le programme MVEB,\" src=\"\/\/www.youtube.com\/embed\/waLQE3cGqPM\" width=\"1080\" height=\"608\" frameborder=\"0\" allowfullscreen=\"allowfullscreen\" data-mce-fragment=\"1\"><\/iframe><\/p>\n<p>Le programme MVEB a pour ambition de former les enseignants de l\u2019\u00c9ducation nationale et formateurs des CFA de la France enti\u00e8re \u00e0 &nbsp;<strong>l\u2019utilisation des outils num\u00e9riques pour former \u00e0 la Maintenance des V\u00e9hicules \u00c9lectriques \u00e0 Batterie.<\/strong><\/p>\n<p>Ce projet s\u2019inscrit dans le plan \u00ab France 2030 \u00bb, plan d\u2019investissement d\u00e9ploy\u00e9 sur 5 ans, qui vise \u00e0 d\u00e9velopper la comp\u00e9titivit\u00e9 industrielle et les technologies d\u2019avenir. Par exemple, d\u00e9carboner notre industrie afin de respecter l\u2019engagement de baisser, entre 2015 et 2030, 35% de nos \u00e9missions de gaz \u00e0 effet de serre dans ce secteur et produire en France, \u00e0 l\u2019horizon 2030, pr\u00e8s de 2 millions de v\u00e9hicules \u00e9lectriques et hybrides.<\/p>\n<a href=\"https:\/\/www.pedagogie.ac-nice.fr\/sii\/wp-content\/uploads\/sites\/55\/2023\/10\/Plaquette-MVEB-VF.pdf\" class=\"pdfemb-viewer\" style=\"\" data-width=\"max\" data-height=\"max\" data-toolbar=\"bottom\" data-toolbar-fixed=\"off\">Plaquette MVEB VF<\/a>\n<p>&nbsp;<\/p>\n","protected":false},"excerpt":{"rendered":"<p>Maintenance des V\u00e9hicules \u00c9lectriques \u00e0 Batterie (MVEB) Le programme MVEB a pour ambition de former les enseignants de l\u2019\u00c9ducation nationale<\/p>\n","protected":false},"author":322,"featured_media":0,"parent":39,"menu_order":0,"comment_status":"closed","ping_status":"closed","template":"","meta":{"colormag_page_container_layout":"no_sidebar_full_width","colormag_page_sidebar_layout":"no_sidebar","ngg_post_thumbnail":0,"footnotes":""},"class_list":["post-828","page","type-page","status-publish","hentry"],"rttpg_featured_image_url":null,"rttpg_author":{"display_name":"sii","author_link":"https:\/\/www.pedagogie.ac-nice.fr\/sti-pro\/author\/sii\/"},"rttpg_comment":0,"rttpg_category":null,"rttpg_excerpt":"Maintenance des V\u00e9hicules \u00c9lectriques \u00e0 Batterie (MVEB) Le programme MVEB a pour ambition de former les enseignants de l\u2019\u00c9ducation nationale","post_mailing_queue_ids":[],"_links":{"self":[{"href":"https:\/\/www.pedagogie.ac-nice.fr\/sti-pro\/wp-json\/wp\/v2\/pages\/828","targetHints":{"allow":["GET"]}}],"collection":[{"href":"https:\/\/www.pedagogie.ac-nice.fr\/sti-pro\/wp-json\/wp\/v2\/pages"}],"about":[{"href":"https:\/\/www.pedagogie.ac-nice.fr\/sti-pro\/wp-json\/wp\/v2\/types\/page"}],"author":[{"embeddable":true,"href":"https:\/\/www.pedagogie.ac-nice.fr\/sti-pro\/wp-json\/wp\/v2\/users\/322"}],"replies":[{"embeddable":true,"href":"https:\/\/www.pedagogie.ac-nice.fr\/sti-pro\/wp-json\/wp\/v2\/comments?post=828"}],"version-history":[{"count":1,"href":"https:\/\/www.pedagogie.ac-nice.fr\/sti-pro\/wp-json\/wp\/v2\/pages\/828\/revisions"}],"predecessor-version":[{"id":829,"href":"https:\/\/www.pedagogie.ac-nice.fr\/sti-pro\/wp-json\/wp\/v2\/pages\/828\/revisions\/829"}],"up":[{"embeddable":true,"href":"https:\/\/www.pedagogie.ac-nice.fr\/sti-pro\/wp-json\/wp\/v2\/pages\/39"}],"wp:attachment":[{"href":"https:\/\/www.pedagogie.ac-nice.fr\/sti-pro\/wp-json\/wp\/v2\/media?parent=828"}],"curies":[{"name":"wp","href":"https:\/\/api.w.org\/{rel}","templated":true}]}}