{"id":866,"date":"2023-11-28T19:50:07","date_gmt":"2023-11-28T18:50:07","guid":{"rendered":"https:\/\/www.pedagogie.ac-nice.fr\/sti-pro\/?page_id=866"},"modified":"2023-12-13T17:56:25","modified_gmt":"2023-12-13T16:56:25","slug":"les-entreprises-sengagent","status":"publish","type":"page","link":"https:\/\/www.pedagogie.ac-nice.fr\/sti-pro\/accompagner\/les-entreprises-sengagent\/","title":{"rendered":"Les entreprises s&rsquo;engagent"},"content":{"rendered":"<p><img decoding=\"async\" src=\"https:\/\/lesentreprises-sengagent.gouv.fr\/_next\/image?url=%2F_next%2Fstatic%2Fmedia%2Fa-propos-hero.2d3b4c4f.jpg&amp;w=1920&amp;q=75\" alt=\"https:\/\/lesentreprises-sengagent.gouv.fr\/_next\/image?url=%2F_next%2Fstatic%2Fmedia%2Fa-propos-hero.2d3b4c4f.jpg&amp;w=1920&amp;q=75\"><\/p>\n<h2 class=\"text-blue fr-h1 fr-mt-6v\">Mon entreprise s&rsquo;engage pour les jeunes des lyc\u00e9es professionnels<\/h2>\n<p>La Communaut\u00e9 <strong>Les entreprises s&rsquo;engagent<\/strong> se mobilise afin de f\u00e9d\u00e9rer et d&rsquo;accompagner toutes les entreprises qui souhaitent s&rsquo;engager pour coop\u00e9rer avec les lyc\u00e9es professionnels.<\/p>\n<p><a href=\"https:\/\/lesentreprises-sengagent.gouv.fr\/s-engager\/thematique\/lycees-professionnels\" target=\"_blank\" rel=\"noopener\"><img loading=\"lazy\" decoding=\"async\" class=\"fr-responsive-img aligncenter\" src=\"https:\/\/lesentreprises-sengagent.gouv.fr\/_next\/static\/media\/logo-lee.4286df76.svg\" alt=\"\" width=\"300\" height=\"300\" data-nimg=\"1\" data-fr-js-ratio=\"true\"><\/a><\/p>\n<p style=\"text-align: center;\"><a href=\"https:\/\/lesentreprises-sengagent.gouv.fr\/s-engager\/thematique\/lycees-professionnels\" target=\"_blank\" rel=\"noopener\">https:\/\/lesentreprises-sengagent.gouv.fr\/s-engager\/thematique\/lycees-professionnels<\/a><\/p>\n<hr>\n<p><a href=\"https:\/\/data.education.gouv.fr\/explore\/embed\/dataset\/fr-en-annuaire_bde_lycees_pro\/carte\/?displayFilters=1&amp;refine.libelle_academie=Nice\" target=\"_blank\" rel=\"noopener\">Les Bureaux des entreprises<\/a><\/p>\n<p>&nbsp;<\/p>\n<hr>\n","protected":false},"excerpt":{"rendered":"<p>Mon entreprise s&rsquo;engage pour les jeunes des lyc\u00e9es professionnels La Communaut\u00e9 Les entreprises s&rsquo;engagent se mobilise afin de f\u00e9d\u00e9rer et<\/p>\n","protected":false},"author":322,"featured_media":0,"parent":48,"menu_order":0,"comment_status":"closed","ping_status":"closed","template":"","meta":{"colormag_page_container_layout":"no_sidebar_full_width","colormag_page_sidebar_layout":"no_sidebar","ngg_post_thumbnail":0,"footnotes":""},"class_list":["post-866","page","type-page","status-publish","hentry"],"rttpg_featured_image_url":null,"rttpg_author":{"display_name":"sii","author_link":"https:\/\/www.pedagogie.ac-nice.fr\/sti-pro\/author\/sii\/"},"rttpg_comment":0,"rttpg_category":null,"rttpg_excerpt":"Mon entreprise s&rsquo;engage pour les jeunes des lyc\u00e9es professionnels La Communaut\u00e9 Les entreprises s&rsquo;engagent se mobilise afin de f\u00e9d\u00e9rer et","post_mailing_queue_ids":[],"_links":{"self":[{"href":"https:\/\/www.pedagogie.ac-nice.fr\/sti-pro\/wp-json\/wp\/v2\/pages\/866","targetHints":{"allow":["GET"]}}],"collection":[{"href":"https:\/\/www.pedagogie.ac-nice.fr\/sti-pro\/wp-json\/wp\/v2\/pages"}],"about":[{"href":"https:\/\/www.pedagogie.ac-nice.fr\/sti-pro\/wp-json\/wp\/v2\/types\/page"}],"author":[{"embeddable":true,"href":"https:\/\/www.pedagogie.ac-nice.fr\/sti-pro\/wp-json\/wp\/v2\/users\/322"}],"replies":[{"embeddable":true,"href":"https:\/\/www.pedagogie.ac-nice.fr\/sti-pro\/wp-json\/wp\/v2\/comments?post=866"}],"version-history":[{"count":8,"href":"https:\/\/www.pedagogie.ac-nice.fr\/sti-pro\/wp-json\/wp\/v2\/pages\/866\/revisions"}],"predecessor-version":[{"id":883,"href":"https:\/\/www.pedagogie.ac-nice.fr\/sti-pro\/wp-json\/wp\/v2\/pages\/866\/revisions\/883"}],"up":[{"embeddable":true,"href":"https:\/\/www.pedagogie.ac-nice.fr\/sti-pro\/wp-json\/wp\/v2\/pages\/48"}],"wp:attachment":[{"href":"https:\/\/www.pedagogie.ac-nice.fr\/sti-pro\/wp-json\/wp\/v2\/media?parent=866"}],"curies":[{"name":"wp","href":"https:\/\/api.w.org\/{rel}","templated":true}]}}