{"id":874,"date":"2023-12-07T16:01:34","date_gmt":"2023-12-07T15:01:34","guid":{"rendered":"https:\/\/www.pedagogie.ac-nice.fr\/sti-pro\/?page_id=874"},"modified":"2023-12-07T16:03:04","modified_gmt":"2023-12-07T15:03:04","slug":"egalite-filles-garcons","status":"publish","type":"page","link":"https:\/\/www.pedagogie.ac-nice.fr\/sti-pro\/accompagner\/egalite-filles-garcons\/","title":{"rendered":"\u00c9galit\u00e9 Filles-Gar\u00e7ons"},"content":{"rendered":"<p><img loading=\"lazy\" decoding=\"async\" class=\"shrinkToFit\" src=\"https:\/\/eduscol.education.fr\/sites\/default\/files\/styles\/banner_1680x360\/public\/2020-10\/banniere-eduscol-1680x360-225-egalite-racisme-jpg-1755.jpg?itok=AKx4K4r6\" alt=\"https:\/\/eduscol.education.fr\/sites\/default\/files\/styles\/banner_1680x360\/public\/2020-10\/banniere-eduscol-1680x360-225-egalite-racisme-jpg-1755.jpg?itok=AKx4K4r6\" width=\"1366\" height=\"292\"><\/p>\n<p><a href=\"https:\/\/eduscol.education.fr\/2565\/les-filles-faites-des-sciences\" target=\"_blank\" rel=\"noopener\">https:\/\/eduscol.education.fr\/2565\/les-filles-faites-des-sciences<\/a><\/p>\n<hr>\n<h2 class=\"header__title\">L&rsquo;\u00e9galit\u00e9 entre les filles et les gar\u00e7ons : Concours \u00ab\u00a0Z\u00e9ro Clich\u00e9\u00a0\u00bb<\/h2>\n<p><strong>L&rsquo;\u00c9cole compte parmi ses missions fondamentales celle de garantir l&rsquo;\u00e9galit\u00e9 des chances des filles et des gar\u00e7ons<\/strong>. C&rsquo;est le sens des articles L. 121-1 et L. 312-17-1 du code de l&rsquo;\u00e9ducation qui disposent que l&rsquo;\u00c9cole contribue, \u00e0 tous les niveaux, \u00e0&nbsp;<strong>favoriser la mixit\u00e9 et l&rsquo;\u00e9galit\u00e9 entre les femmes et les hommes<\/strong>, notamment en mati\u00e8re d&rsquo;orientation, ainsi qu&rsquo;\u00e0&nbsp;<strong>la pr\u00e9vention des pr\u00e9jug\u00e9s sexistes et des violences faites aux femmes.<\/strong><\/p>\n<p>Concr\u00e8tement,&nbsp;<strong>l&rsquo;action du minist\u00e8re en mati\u00e8re d&rsquo;\u00e9galit\u00e9 s&rsquo;inscrit dans le cadre de la convention interminist\u00e9rielle pour l&rsquo;\u00e9galit\u00e9 entre les filles et les gar\u00e7ons, les femmes et les hommes dans le syst\u00e8me \u00e9ducatif (2019-2024)<\/strong><\/p>\n<p><a title=\"nouvelle fen\u00eatre\" href=\"https:\/\/eduscol.education.fr\/pid23262\/egalite-filles-garcons.html\" target=\"_blank\" rel=\"noopener\">Consulter sur eduscol.gouv.fr<\/a><\/p>\n<p><a title=\"pdf - nouvelle fen\u00eatre\" href=\"https:\/\/cache.media.eduscol.education.fr\/file\/MDE\/11\/6\/VFinale_Convention_Interminis_Egalite_Nov2019_1211116.pdf\" target=\"_blank\" rel=\"noopener\">T\u00e9l\u00e9charger le texte de la convention interminist\u00e9rielle&nbsp;pour l&rsquo;\u00e9galit\u00e9 entre les filles et les gar\u00e7ons, les femmes et les hommes dans le syst\u00e8me \u00e9ducatif (2019-2024)<\/a><\/p>\n<hr>\n<h2 id=\"summary-item-0\" class=\"title\">Labellisation \u00ab\u00a0\u00c9galit\u00e9 filles-gar\u00e7ons\u00a0\u00bb pour les \u00e9tablissements du second degr\u00e9<\/h2>\n<p>Le plan interminist\u00e9riel pour l\u2019\u00e9galit\u00e9 entre les femmes et les hommes annonc\u00e9 par la Premi\u00e8re ministre le 8 mars 2023 pr\u00e9voit l\u2019acc\u00e9l\u00e9ration du d\u00e9ploiement d\u2019un processus de labellisation \u00ab\u00a0\u00c9galit\u00e9 filles-gar\u00e7ons\u00a0\u00bb pour les \u00e9tablissements du second degr\u00e9 avec pour objectif que l\u2019int\u00e9gralit\u00e9 des \u00e9tablissements soient engag\u00e9s dans la d\u00e9marche d\u2019ici 2027.<\/p>\n<p><a title=\"nouvelle fen\u00eatre\" href=\"https:\/\/www.education.gouv.fr\/plus-de-550-etablissements-ont-d-ores-et-deja-candidate-au-label-egalite-filles-garcons-357704\" target=\"_blank\" rel=\"noopener\">Consulter education.gouv.fr<\/a><\/p>\n","protected":false},"excerpt":{"rendered":"<p>https:\/\/eduscol.education.fr\/2565\/les-filles-faites-des-sciences L&rsquo;\u00e9galit\u00e9 entre les filles et les gar\u00e7ons : Concours \u00ab\u00a0Z\u00e9ro Clich\u00e9\u00a0\u00bb L&rsquo;\u00c9cole compte parmi ses missions fondamentales celle de<\/p>\n","protected":false},"author":322,"featured_media":0,"parent":48,"menu_order":0,"comment_status":"closed","ping_status":"closed","template":"","meta":{"colormag_page_container_layout":"no_sidebar_full_width","colormag_page_sidebar_layout":"no_sidebar","ngg_post_thumbnail":0,"footnotes":""},"class_list":["post-874","page","type-page","status-publish","hentry"],"rttpg_featured_image_url":null,"rttpg_author":{"display_name":"sii","author_link":"https:\/\/www.pedagogie.ac-nice.fr\/sti-pro\/author\/sii\/"},"rttpg_comment":0,"rttpg_category":null,"rttpg_excerpt":"https:\/\/eduscol.education.fr\/2565\/les-filles-faites-des-sciences L&rsquo;\u00e9galit\u00e9 entre les filles et les gar\u00e7ons : Concours \u00ab\u00a0Z\u00e9ro Clich\u00e9\u00a0\u00bb L&rsquo;\u00c9cole compte parmi ses missions fondamentales celle de","post_mailing_queue_ids":[],"_links":{"self":[{"href":"https:\/\/www.pedagogie.ac-nice.fr\/sti-pro\/wp-json\/wp\/v2\/pages\/874","targetHints":{"allow":["GET"]}}],"collection":[{"href":"https:\/\/www.pedagogie.ac-nice.fr\/sti-pro\/wp-json\/wp\/v2\/pages"}],"about":[{"href":"https:\/\/www.pedagogie.ac-nice.fr\/sti-pro\/wp-json\/wp\/v2\/types\/page"}],"author":[{"embeddable":true,"href":"https:\/\/www.pedagogie.ac-nice.fr\/sti-pro\/wp-json\/wp\/v2\/users\/322"}],"replies":[{"embeddable":true,"href":"https:\/\/www.pedagogie.ac-nice.fr\/sti-pro\/wp-json\/wp\/v2\/comments?post=874"}],"version-history":[{"count":1,"href":"https:\/\/www.pedagogie.ac-nice.fr\/sti-pro\/wp-json\/wp\/v2\/pages\/874\/revisions"}],"predecessor-version":[{"id":875,"href":"https:\/\/www.pedagogie.ac-nice.fr\/sti-pro\/wp-json\/wp\/v2\/pages\/874\/revisions\/875"}],"up":[{"embeddable":true,"href":"https:\/\/www.pedagogie.ac-nice.fr\/sti-pro\/wp-json\/wp\/v2\/pages\/48"}],"wp:attachment":[{"href":"https:\/\/www.pedagogie.ac-nice.fr\/sti-pro\/wp-json\/wp\/v2\/media?parent=874"}],"curies":[{"name":"wp","href":"https:\/\/api.w.org\/{rel}","templated":true}]}}