{"id":884,"date":"2023-12-13T18:03:17","date_gmt":"2023-12-13T17:03:17","guid":{"rendered":"https:\/\/www.pedagogie.ac-nice.fr\/sti-pro\/?page_id=884"},"modified":"2024-12-14T09:54:42","modified_gmt":"2024-12-14T08:54:42","slug":"les-bureaux-des-entreprises","status":"publish","type":"page","link":"https:\/\/www.pedagogie.ac-nice.fr\/sti-pro\/sinformer\/les-bureaux-des-entreprises\/","title":{"rendered":"Les Bureaux des Entreprises"},"content":{"rendered":"<p><img loading=\"lazy\" decoding=\"async\" class=\"shrinkToFit transparent\" src=\"https:\/\/eduscol.education.fr\/sites\/default\/files\/styles\/banner_1680x360\/public\/2023-05\/banniere_eduscol_1680x360_824.png?itok=LWPqOUUZ\" alt=\"https:\/\/eduscol.education.fr\/sites\/default\/files\/styles\/banner_1680x360\/public\/2023-05\/banniere_eduscol_1680x360_824.png?itok=LWPqOUUZ\" width=\"1366\" height=\"292\"><\/p>\n<p style=\"text-align: justify;\"><span style=\"font-size: 12pt;\">Dans le cadre de la r\u00e9forme des lyc\u00e9es professionnels, les partenariats et la relation entre l\u2019\u00c9cole et l\u2019entreprise sont renforc\u00e9s, au service de la r\u00e9ussite des \u00e9l\u00e8ves. Aussi, <strong>un bureau des entreprises, pilot\u00e9 par un responsable, est install\u00e9 dans chaque lyc\u00e9e professionnel ou lyc\u00e9e polyvalent<\/strong>. Il r\u00e9pond au besoin d\u2019organisation et de d\u00e9veloppement de partenariats avec les acteurs professionnels. Il s\u2019agit d\u2019un lieu unique <strong>au profit de l\u2019ensemble des publics accueillis dans le lyc\u00e9e : \u00e9l\u00e8ves, apprentis, \u00e9tudiants et stagiaires de la formation professionnelle continue<\/strong>. Ce bureau est \u00e9galement un point d\u2019<strong>accueil pour tous les partenaires ext\u00e9rieurs <\/strong>permettant de faciliter le d\u00e9veloppement d\u2019actions conjointes.<\/span><\/p>\n<div class=\"ckeditor-background-color\">\n<p><span style=\"font-size: 12pt;\"><strong>Le bureau des entreprises en cinq missions<\/strong><\/span><\/p>\n<ol>\n<li><span style=\"font-size: 12pt;\">L\u2019appui aux enseignants et formateurs dans les interactions avec le monde professionnel.<\/span><\/li>\n<li><span style=\"font-size: 12pt;\">La mise en place d\u2019actions conjointes entre le lyc\u00e9e, le monde professionnel et les acteurs locaux.<\/span><\/li>\n<li><span style=\"font-size: 12pt;\">Une ressource pour trouver et r\u00e9ussir des stages, p\u00e9riodes de formation en milieu professionnel et alternances de qualit\u00e9.<\/span><\/li>\n<li><span style=\"font-size: 12pt;\">Le d\u00e9veloppement du sentiment d\u2019appartenance au lyc\u00e9e professionnel et d\u2019un r\u00e9seau des anciens \u00e9l\u00e8ves.<\/span><\/li>\n<li><span style=\"font-size: 12pt;\">Le suivi des r\u00e9ussites de parcours professionnel et d\u2019insertion de chaque personne form\u00e9e dans l\u2019\u00e9tablissement<\/span><\/li>\n<\/ol>\n<\/div>\n<p><iframe loading=\"lazy\" src=\"https:\/\/data.education.gouv.fr\/explore\/embed\/dataset\/fr-en-annuaire_bde_lycees_pro\/carte\/?displayFilters=1&amp;refine.libelle_academie=Nice\" width=\"1280\" height=\"500\"><\/iframe><\/p>\n","protected":false},"excerpt":{"rendered":"<p>Dans le cadre de la r\u00e9forme des lyc\u00e9es professionnels, les partenariats et la relation entre l\u2019\u00c9cole et l\u2019entreprise sont renforc\u00e9s,<\/p>\n","protected":false},"author":322,"featured_media":0,"parent":592,"menu_order":1,"comment_status":"closed","ping_status":"closed","template":"","meta":{"colormag_page_container_layout":"no_sidebar_full_width","colormag_page_sidebar_layout":"no_sidebar","ngg_post_thumbnail":0,"footnotes":""},"class_list":["post-884","page","type-page","status-publish","hentry"],"rttpg_featured_image_url":null,"rttpg_author":{"display_name":"sii","author_link":"https:\/\/www.pedagogie.ac-nice.fr\/sti-pro\/author\/sii\/"},"rttpg_comment":0,"rttpg_category":null,"rttpg_excerpt":"Dans le cadre de la r\u00e9forme des lyc\u00e9es professionnels, les partenariats et la relation entre l\u2019\u00c9cole et l\u2019entreprise sont renforc\u00e9s,","post_mailing_queue_ids":[],"_links":{"self":[{"href":"https:\/\/www.pedagogie.ac-nice.fr\/sti-pro\/wp-json\/wp\/v2\/pages\/884","targetHints":{"allow":["GET"]}}],"collection":[{"href":"https:\/\/www.pedagogie.ac-nice.fr\/sti-pro\/wp-json\/wp\/v2\/pages"}],"about":[{"href":"https:\/\/www.pedagogie.ac-nice.fr\/sti-pro\/wp-json\/wp\/v2\/types\/page"}],"author":[{"embeddable":true,"href":"https:\/\/www.pedagogie.ac-nice.fr\/sti-pro\/wp-json\/wp\/v2\/users\/322"}],"replies":[{"embeddable":true,"href":"https:\/\/www.pedagogie.ac-nice.fr\/sti-pro\/wp-json\/wp\/v2\/comments?post=884"}],"version-history":[{"count":11,"href":"https:\/\/www.pedagogie.ac-nice.fr\/sti-pro\/wp-json\/wp\/v2\/pages\/884\/revisions"}],"predecessor-version":[{"id":1005,"href":"https:\/\/www.pedagogie.ac-nice.fr\/sti-pro\/wp-json\/wp\/v2\/pages\/884\/revisions\/1005"}],"up":[{"embeddable":true,"href":"https:\/\/www.pedagogie.ac-nice.fr\/sti-pro\/wp-json\/wp\/v2\/pages\/592"}],"wp:attachment":[{"href":"https:\/\/www.pedagogie.ac-nice.fr\/sti-pro\/wp-json\/wp\/v2\/media?parent=884"}],"curies":[{"name":"wp","href":"https:\/\/api.w.org\/{rel}","templated":true}]}}