{"id":914,"date":"2023-12-20T17:17:05","date_gmt":"2023-12-20T16:17:05","guid":{"rendered":"https:\/\/www.pedagogie.ac-nice.fr\/sti-pro\/?page_id=914"},"modified":"2023-12-20T17:20:07","modified_gmt":"2023-12-20T16:20:07","slug":"passe-ton-hack-dabord","status":"publish","type":"page","link":"https:\/\/www.pedagogie.ac-nice.fr\/sti-pro\/innover\/les-concours\/passe-ton-hack-dabord\/","title":{"rendered":"Passe Ton Hack d&rsquo;Abord"},"content":{"rendered":"<p><a href=\"https:\/\/www.defense.gouv.fr\/comcyber\/actualites\/passe-ton-hack-dabord-2e-edition-elargie-lensemble-du-territoire-francais\" target=\"_blank\" rel=\"noopener\"><img loading=\"lazy\" decoding=\"async\" class=\"transparent aligncenter\" src=\"https:\/\/www.defense.gouv.fr\/sites\/default\/files\/styles\/16_9_md\/public\/comcyber\/Passe%20ton%20hack%20-%20illustration.png?h=d1cb525d&amp;itok=vizV8frp\" alt=\"https:\/\/www.defense.gouv.fr\/sites\/default\/files\/styles\/16_9_md\/public\/comcyber\/Passe%20ton%20hack%20-%20illustration.png?h=d1cb525d&amp;itok=vizV8frp\" width=\"792\" height=\"445\"><\/a><\/p>\n<p style=\"text-align: center;\">En 2023, le challenge avait remport\u00e9 un franc succ\u00e8s en \u00cele-de-France. Les participants ont d\u00e9crit l&rsquo;exp\u00e9rience comme \u00ab&nbsp;enrichissante&nbsp;\u00bb, \u00ab&nbsp;amusante&nbsp;\u00bb et \u00ab&nbsp;innovante&nbsp;\u00bb. Une \u00e9quipe ayant relev\u00e9 le d\u00e9fi l&rsquo;ann\u00e9e derni\u00e8re confie que \u00ab&nbsp;le CTF est une bonne fa\u00e7on d\u2019apprendre la cybers\u00e9curit\u00e9 car c\u2019est sous forme de jeux et \u00e7a permet de mettre en comp\u00e9titions plusieurs personnes \u00bb. Cette ann\u00e9e, les inscriptions ne pourront d\u00e9passer 5&nbsp;000 joueurs, r\u00e9partis en 1&nbsp;000 \u00e9quipes.<\/p>\n<p style=\"text-align: center;\"><iframe loading=\"lazy\" src=\"\/\/www.youtube.com\/embed\/RNrGA9mzyl4?si=1eVQ8uzZAuLb47Bs\" width=\"560\" height=\"314\" allowfullscreen=\"allowfullscreen\" data-mce-fragment=\"1\"><\/iframe><\/p>\n<div class=\"fr-richtext fr-container\">\n<h2 style=\"text-align: left;\">Qu\u2019est qu\u2019un \u00ab capture the flag \u00bb ?<\/h2>\n<p>Un capture the flag (CTF) est un jeu compos\u00e9 d\u2019une s\u00e9rie de d\u00e9fis techniques li\u00e9s \u00e0 l\u2019informatique et aux r\u00e9seaux. De difficult\u00e9s variables, il aboutit, en cas de r\u00e9ussite, \u00e0 la d\u00e9couverte d\u2019un \u00ab Flag \u00bb, une chaine de caract\u00e8res secr\u00e8te validant l\u2019obtention de points. Le CTF \u00ab Passe ton Hack d\u2019abord \u00bb est constitu\u00e9 de quinze \u00e9preuves accessibles en ligne et portant sur des sujets de s\u00e9curit\u00e9 informatique.<\/p>\n<p>\u00c0 l&rsquo;issue du challenge, les laur\u00e9ats obtiendront un abonnement \u00e0 la plateforme SEELA, d\u00e9di\u00e9e aux d\u00e9fis d&rsquo;experts en cybers\u00e9curit\u00e9 offensive et d\u00e9fensive ainsi que divers <em>goodies<\/em>. Une remise des prix aura lieu au Campus Cyber.<\/p>\n<\/div>\n<div class=\"fr-richtext fr-container\">\n<h2>Un challenge pour qui ?<\/h2>\n<p><strong>Ce challenge s&rsquo;adresse aux jeunes en seconde, premi\u00e8re, terminale, y compris ceux qui d\u00e9butent dans le domaine de l&rsquo;informatique, mais aussi aux \u00e9tudiants pr\u00e9parant un BTS en lien avec les m\u00e9tiers du num\u00e9rique, de la cybers\u00e9curit\u00e9 ou des sciences de l&rsquo;ing\u00e9nieur<\/strong>. Les \u00e9preuves ont \u00e9t\u00e9 sp\u00e9cialement con\u00e7ues pour \u00eatre accessibles \u00e0 un public lyc\u00e9en, mais certaines pr\u00e9sentent un niveau de difficult\u00e9 sup\u00e9rieur pour d\u00e9partager les \u00e9l\u00e8ves.<\/p>\n<p>Les \u00e9quipes pourront \u00eatre compos\u00e9es de deux \u00e0 six \u00e9l\u00e8ves, mais il est recommand\u00e9 d&rsquo;avoir cinq \u00e9l\u00e8ves par \u00e9quipe et de veiller \u00e0 assurer une mixit\u00e9 des \u00e9quipes !<\/p>\n<\/div>\n<section class=\"fr-image-paragraph_container\"><\/section>\n<section class=\"fr-image-paragraph_container\"><dialog id=\"fr-modal-image-paragraph-47328\" class=\"fr-modal fr-modal--image\" role=\"dialog\" aria-labelledby=\"fr-modal__title\" data-fr-js-modal=\"true\"><\/p>\n<div class=\"fr-container fr-container--fluid fr-container-lg fr-modal__container\">\n<div class=\"fr-grid-row fr-grid-row--center fr-modal__row\">\n<div class=\"fr-col-12 fr-modal__col\">\n<div class=\"fr-modal__body\" data-fr-js-modal-body=\"true\">\n<div class=\"fr-modal__content fr-modal__content--16x9\">\n<h1 class=\"fr-modal__title fr-title\">&nbsp;<\/h1>\n<div class=\"fr-modal__photo\"><picture><source srcset=\"https:\/\/www.defense.gouv.fr\/sites\/default\/files\/comcyber\/image%20passe%20ton%20hack%202.jpg\" media=\"original\"><source srcset=\"https:\/\/www.defense.gouv.fr\/sites\/default\/files\/styles\/16_9_md_modal\/public\/comcyber\/image%20passe%20ton%20hack%202.jpg?itok=5364cTal\" media=\"(min-width: 768px)\"><img decoding=\"async\" class=\"fr-responsive-img fr-ratio-16x9\" src=\"https:\/\/www.defense.gouv.fr\/sites\/default\/files\/styles\/16_9_sm_modal\/public\/comcyber\/image%20passe%20ton%20hack%202.jpg?itok=C-Nmxi-Y\" alt=\"\" data-fr-js-ratio=\"true\"><\/picture><\/div>\n<div class=\"fr-modal__buttons\">&nbsp;<\/div>\n<\/div>\n<\/div>\n<\/div>\n<\/div>\n<\/div>\n<p>&nbsp;<\/p>\n<p>&nbsp;<\/p>\n<p>&nbsp;<\/p>\n<p><\/dialog><\/section>\n<div class=\"fr-richtext fr-container\">\n<h2>Modalit\u00e9s pratiques : dates, lieu et inscriptions au challenge<\/h2>\n<ul>\n<li><strong>Co\u00fbt :<\/strong> l&rsquo;inscription et la participation sont gratuites.<\/li>\n<li><strong>Dates :<\/strong> le challenge se d\u00e9roule du 22 janvier au 9 f\u00e9vrier 2024<\/li>\n<li><strong>Lieu<\/strong><strong>&nbsp;<\/strong><strong>: <\/strong>en ligne.<\/li>\n<li><strong>Inscriptions :<\/strong> Les \u00e9l\u00e8ves int\u00e9ress\u00e9s doivent contacter leurs professeurs pour participer. Ensuite, les professeurs sont invit\u00e9s \u00e0 manifester leur int\u00e9r\u00eat aupr\u00e8s de l\u2019organisation en utilisant le <a title=\"formulaire d\u2019inscription sur l\u2019espace d\u2019information et d\u2019accompagnement - nouvelle fen\u00eatre vers magistere.education.fr\" href=\"https:\/\/magistere.education.fr\/dgesco\/course\/view.php?id=2898\" target=\"_blank\" rel=\"noopener\">formulaire d\u2019inscription sur l\u2019espace d\u2019information et d\u2019accompagnement<\/a>.<\/li>\n<\/ul>\n<\/div>\n<p><!--more--><\/p>\n<section class=\"fr-callout_container\">\n<div class=\"fr-callout\">\n<div class=\"fr-container\"><a class=\"fr-btn\" href=\"https:\/\/www.defense.gouv.fr\/sites\/default\/files\/comcyber\/Reglement%20ctf%20passe%20ton%20hack%202024.pdf\" target=\"_self\" rel=\"noopener\">T\u00e9l\u00e9charger le r\u00e8glement de l\u2019\u00e9v\u00e8nement Capture The Flag \u00ab Passe ton Hack d\u2019abord \u00bb<\/a><\/div>\n<\/div>\n<\/section>\n","protected":false},"excerpt":{"rendered":"<p>En 2023, le challenge avait remport\u00e9 un franc succ\u00e8s en \u00cele-de-France. Les participants ont d\u00e9crit l&rsquo;exp\u00e9rience comme \u00ab&nbsp;enrichissante&nbsp;\u00bb, \u00ab&nbsp;amusante&nbsp;\u00bb et<\/p>\n","protected":false},"author":322,"featured_media":0,"parent":503,"menu_order":0,"comment_status":"closed","ping_status":"closed","template":"","meta":{"colormag_page_container_layout":"no_sidebar_full_width","colormag_page_sidebar_layout":"no_sidebar","ngg_post_thumbnail":0,"footnotes":""},"class_list":["post-914","page","type-page","status-publish","hentry"],"rttpg_featured_image_url":null,"rttpg_author":{"display_name":"sii","author_link":"https:\/\/www.pedagogie.ac-nice.fr\/sti-pro\/author\/sii\/"},"rttpg_comment":0,"rttpg_category":null,"rttpg_excerpt":"En 2023, le challenge avait remport\u00e9 un franc succ\u00e8s en \u00cele-de-France. Les participants ont d\u00e9crit l&rsquo;exp\u00e9rience comme \u00ab&nbsp;enrichissante&nbsp;\u00bb, \u00ab&nbsp;amusante&nbsp;\u00bb et","post_mailing_queue_ids":[],"_links":{"self":[{"href":"https:\/\/www.pedagogie.ac-nice.fr\/sti-pro\/wp-json\/wp\/v2\/pages\/914","targetHints":{"allow":["GET"]}}],"collection":[{"href":"https:\/\/www.pedagogie.ac-nice.fr\/sti-pro\/wp-json\/wp\/v2\/pages"}],"about":[{"href":"https:\/\/www.pedagogie.ac-nice.fr\/sti-pro\/wp-json\/wp\/v2\/types\/page"}],"author":[{"embeddable":true,"href":"https:\/\/www.pedagogie.ac-nice.fr\/sti-pro\/wp-json\/wp\/v2\/users\/322"}],"replies":[{"embeddable":true,"href":"https:\/\/www.pedagogie.ac-nice.fr\/sti-pro\/wp-json\/wp\/v2\/comments?post=914"}],"version-history":[{"count":2,"href":"https:\/\/www.pedagogie.ac-nice.fr\/sti-pro\/wp-json\/wp\/v2\/pages\/914\/revisions"}],"predecessor-version":[{"id":917,"href":"https:\/\/www.pedagogie.ac-nice.fr\/sti-pro\/wp-json\/wp\/v2\/pages\/914\/revisions\/917"}],"up":[{"embeddable":true,"href":"https:\/\/www.pedagogie.ac-nice.fr\/sti-pro\/wp-json\/wp\/v2\/pages\/503"}],"wp:attachment":[{"href":"https:\/\/www.pedagogie.ac-nice.fr\/sti-pro\/wp-json\/wp\/v2\/media?parent=914"}],"curies":[{"name":"wp","href":"https:\/\/api.w.org\/{rel}","templated":true}]}}