{"id":946,"date":"2024-03-13T19:07:39","date_gmt":"2024-03-13T18:07:39","guid":{"rendered":"https:\/\/www.pedagogie.ac-nice.fr\/sti-pro\/?page_id=946"},"modified":"2024-03-20T15:32:51","modified_gmt":"2024-03-20T14:32:51","slug":"les-plate-formes-technologiques-pft","status":"publish","type":"page","link":"https:\/\/www.pedagogie.ac-nice.fr\/sti-pro\/sinformer\/les-plate-formes-technologiques-pft\/","title":{"rendered":"Les plate-formes technologiques (PFT)"},"content":{"rendered":"<p>La PFT a pour <strong>mission d&rsquo;organiser sur un territoire, de pr\u00e9f\u00e9rence \u00e0 l\u2019\u00e9chelle d\u2019un bassin d\u2019emplois (ville moyenne), le soutien apport\u00e9 \u00e0 la modernisation des entreprises par les \u00e9tablissements d&rsquo;enseignement<\/strong> : les lyc\u00e9es d&rsquo;enseignement g\u00e9n\u00e9ral et technologique, les lyc\u00e9es professionnels, les \u00e9tablissements d&rsquo;enseignement sup\u00e9rieur disposant de plateaux techniques autour d&rsquo;une th\u00e9matique commune.<\/p>\n<p>La PFT met ses \u00e9quipements et comp\u00e9tences au service des entreprises en ex\u00e9cutant des prestations techniques pour le compte de celle-ci. Elle a \u00e9galement un objectif p\u00e9dagogique, l&rsquo;ex\u00e9cution de prestations pour les entreprises \u00e9tant l&rsquo;occasion pour l&rsquo;\u00e9l\u00e8ve et l\u2019\u00e9tudiant de mettre en \u0153uvre ses acquis, d&rsquo;appr\u00e9hender l&rsquo;entreprise et de faciliter son insertion. Elle est, pour l\u2019\u00e9tablissement, l&rsquo;opportunit\u00e9 de valoriser la voie technologique et professionnelle et le cas \u00e9ch\u00e9ant, d&rsquo;adapter sa formation.<\/p>\n<p><a href=\"https:\/\/www.enseignementsup-recherche.gouv.fr\/fr\/les-structures-de-diffusion-de-technologies-46263\" target=\"_blank\" rel=\"noopener\">En savoir plus sur les structures de diffusion technologique &#8230;<\/a><\/p>\n<p><img loading=\"lazy\" decoding=\"async\" class=\"shrinkToFit aligncenter\" src=\"https:\/\/www.enseignementsup-recherche.gouv.fr\/sites\/default\/files\/styles\/full_width\/public\/2021-10\/mesri-enseignement-sup-formulaire-jpg-13784.jpg?itok=mXXJyyrE\" alt=\"https:\/\/www.enseignementsup-recherche.gouv.fr\/sites\/default\/files\/styles\/full_width\/public\/2021-10\/mesri-enseignement-sup-formulaire-jpg-13784.jpg?itok=mXXJyyrE\" width=\"591\" height=\"315\"><\/p>\n<hr>\n<h1>Documents Utiles<\/h1>\n<div class=\"block block-layout-builder block-field-blocknodearticlefield-manage-attachments column\">\n<div class=\"content\">\n<div class=\"block-media-attachments wysiwyg\">\n<div class=\"paragraph paragraph--type--node-attachments-media paragraph--view-mode--default\">\n<div>\n<div>\n<div>\n<p class=\"file file--mime-application-pdf file--application-pdf\"><a class=\"file-link\" dir=\"ltr\" lang=\"fr\" title=\"Cahier des Charges des PFT PDF | 581.45 Ko\" href=\"https:\/\/www.enseignementsup-recherche.gouv.fr\/sites\/default\/files\/2023-05\/cahier-des-charges-des-pft-27818.pdf\" type=\"application\/pdf\">Cahier des Charges des PFT<\/a><\/p>\n<p class=\"file file--mime-application-pdf file--application-pdf\"><a href=\"https:\/\/tribu.phm.education.gouv.fr\/portal_v2\/tribu-app\/document?id=workspace_diffusion-technologique_documents\" target=\"_blank\" rel=\"noopener\">Exemple de convention constitutive et d&rsquo;engagement \u00e9tablissement<\/a>&nbsp;&nbsp; <span style=\"font-family: comic sans ms, sans-serif;\"><span style=\"color: #800080;\"><strong>:<\/strong><\/span><strong><span style=\"color: #3366ff;\">T<\/span><span style=\"color: #008000;\">r<\/span><span style=\"color: #ff9900;\">i<\/span><span style=\"color: #ff0000;\"><span style=\"color: #ff6600;\">b<\/span>u<\/span><\/strong><span style=\"color: #800080;\">:<\/span><\/span><\/p>\n<p class=\"file file--mime-application-pdf file--application-pdf\"><a href=\"https:\/\/www.enseignementsup-recherche.gouv.fr\/fr\/les-structures-de-diffusion-de-technologies-procedure-de-labellisation-84572\" target=\"_blank\" rel=\"noopener\">La proc\u00e9dure de labellisation<\/a><\/p>\n<\/div>\n<\/div>\n<\/div>\n<\/div>\n<\/div>\n<\/div>\n<\/div>\n","protected":false},"excerpt":{"rendered":"<p>La PFT a pour mission d&rsquo;organiser sur un territoire, de pr\u00e9f\u00e9rence \u00e0 l\u2019\u00e9chelle d\u2019un bassin d\u2019emplois (ville moyenne), le soutien<\/p>\n","protected":false},"author":322,"featured_media":0,"parent":592,"menu_order":1,"comment_status":"closed","ping_status":"closed","template":"","meta":{"colormag_page_container_layout":"no_sidebar_full_width","colormag_page_sidebar_layout":"no_sidebar","ngg_post_thumbnail":0,"footnotes":""},"class_list":["post-946","page","type-page","status-publish","hentry"],"rttpg_featured_image_url":null,"rttpg_author":{"display_name":"sii","author_link":"https:\/\/www.pedagogie.ac-nice.fr\/sti-pro\/author\/sii\/"},"rttpg_comment":0,"rttpg_category":null,"rttpg_excerpt":"La PFT a pour mission d&rsquo;organiser sur un territoire, de pr\u00e9f\u00e9rence \u00e0 l\u2019\u00e9chelle d\u2019un bassin d\u2019emplois (ville moyenne), le soutien","post_mailing_queue_ids":[],"_links":{"self":[{"href":"https:\/\/www.pedagogie.ac-nice.fr\/sti-pro\/wp-json\/wp\/v2\/pages\/946","targetHints":{"allow":["GET"]}}],"collection":[{"href":"https:\/\/www.pedagogie.ac-nice.fr\/sti-pro\/wp-json\/wp\/v2\/pages"}],"about":[{"href":"https:\/\/www.pedagogie.ac-nice.fr\/sti-pro\/wp-json\/wp\/v2\/types\/page"}],"author":[{"embeddable":true,"href":"https:\/\/www.pedagogie.ac-nice.fr\/sti-pro\/wp-json\/wp\/v2\/users\/322"}],"replies":[{"embeddable":true,"href":"https:\/\/www.pedagogie.ac-nice.fr\/sti-pro\/wp-json\/wp\/v2\/comments?post=946"}],"version-history":[{"count":13,"href":"https:\/\/www.pedagogie.ac-nice.fr\/sti-pro\/wp-json\/wp\/v2\/pages\/946\/revisions"}],"predecessor-version":[{"id":968,"href":"https:\/\/www.pedagogie.ac-nice.fr\/sti-pro\/wp-json\/wp\/v2\/pages\/946\/revisions\/968"}],"up":[{"embeddable":true,"href":"https:\/\/www.pedagogie.ac-nice.fr\/sti-pro\/wp-json\/wp\/v2\/pages\/592"}],"wp:attachment":[{"href":"https:\/\/www.pedagogie.ac-nice.fr\/sti-pro\/wp-json\/wp\/v2\/media?parent=946"}],"curies":[{"name":"wp","href":"https:\/\/api.w.org\/{rel}","templated":true}]}}