{"id":1156,"date":"2026-01-30T18:00:24","date_gmt":"2026-01-30T17:00:24","guid":{"rendered":"https:\/\/www.pedagogie.ac-nice.fr\/MIGR-sti-voie-pro\/?page_id=1156"},"modified":"2026-04-02T01:39:39","modified_gmt":"2026-04-01T23:39:39","slug":"interface-uptale-io","status":"publish","type":"page","link":"https:\/\/www.pedagogie.ac-nice.fr\/sti-voie-pro\/interface-uptale-io\/","title":{"rendered":"Plateforme Uptale.io"},"content":{"rendered":"<p>Nombre de vues : 11<\/p>\n<hr \/>\n<p><a href=\"https:\/\/www.uptale.io\/\" target=\"_blank\" rel=\"noopener\"><img loading=\"lazy\" decoding=\"async\" class=\"alignnone wp-image-1157 size-full\" src=\"https:\/\/www.pedagogie.ac-nice.fr\/MIGR-sti-voie-pro\/wp-content\/uploads\/sites\/73\/2026\/01\/uptale_logo.jpg\" alt=\"\" width=\"100\" height=\"100\" \/><\/a><\/p>\n<p><img loading=\"lazy\" decoding=\"async\" class=\"alignnone wp-image-1085\" src=\"https:\/\/www.pedagogie.ac-nice.fr\/MIGR-sti-voie-pro\/wp-content\/uploads\/sites\/73\/2026\/01\/ChatGPT-Image-27-janv.-2026-20_28_52-e1769542236980-300x268.png\" alt=\"\" width=\"212\" height=\"190\" srcset=\"https:\/\/www.pedagogie.ac-nice.fr\/sti-voie-pro\/wp-content\/uploads\/sites\/73\/2026\/01\/ChatGPT-Image-27-janv.-2026-20_28_52-e1769542236980-300x268.png 300w, https:\/\/www.pedagogie.ac-nice.fr\/sti-voie-pro\/wp-content\/uploads\/sites\/73\/2026\/01\/ChatGPT-Image-27-janv.-2026-20_28_52-e1769542236980-645x577.png 645w, https:\/\/www.pedagogie.ac-nice.fr\/sti-voie-pro\/wp-content\/uploads\/sites\/73\/2026\/01\/ChatGPT-Image-27-janv.-2026-20_28_52-e1769542236980.png 760w\" sizes=\"auto, (max-width: 212px) 100vw, 212px\" \/><\/p>\n<h2 class=\"pvs-header__title text-heading-large\" style=\"text-align: center;\">2026<\/h2>\n<p style=\"text-align: center;\"><span class=\"visually-hidden\">Projets de d\u00e9ploiements RV avec la soci\u00e9t\u00e9 UPTALE en partenariat avec la DRANE 05 &amp; 06.<\/span><\/p>\n<p style=\"text-align: center;\"><a href=\"https:\/\/www.uptale.io\/demos-vr\/\" target=\"_blank\" rel=\"noopener\"><img loading=\"lazy\" decoding=\"async\" class=\"alignnone wp-image-1313 size-full\" src=\"https:\/\/www.pedagogie.ac-nice.fr\/MIGR-sti-voie-pro\/wp-content\/uploads\/sites\/73\/2026\/02\/logo-uptale-exemple.png\" alt=\"\" width=\"160\" height=\"80\" \/><\/a><\/p>\n<p style=\"text-align: center;\"><span aria-hidden=\"true\">D\u00e9mos VR &#8211; Testez les formations immersives et interactives d&rsquo;Uptale<span class=\"visually-hidden\">D\u00e9mos VR<\/span><\/span><\/p>\n<p style=\"text-align: center;\"><span aria-hidden=\"true\"><span class=\"visually-hidden\">Testez les formations immersives et interactives d&rsquo;Uptale.<\/span><\/span><\/p>\n<div class=\"BMeaVEzjaIrfuzAlDgvYIkTkNudWGSPXIHcxw\">\n<div class=\"pvs-header__top-container--no-stack\">\n<div class=\"gHSNfBoVYywypgHgMICRERyVlkqrhqhYbQc\">\n<div class=\"pv-action \">\n<div class=\"display-flex \">\n<div class=\" display-flex full-width\">\n<div class=\"BixZmbDkQrUwotIqyQTrOKtkDNjbmGiRKZRdPs full-width t-14 t-normal t-black display-flex align-items-center\" dir=\"ltr\">\n<div class=\"pCwrXZomcdgJacYWCKigOrZdHOOwYWENTxlk inline-show-more-text--is-collapsed inline-show-more-text--is-collapsed-with-line-clamp full-width\" dir=\"ltr\" style=\"text-align: left;\" tabindex=\"-1\"><span aria-hidden=\"true\">Quelques exemples en d\u00e9monstration.<\/span><\/div>\n<\/div>\n<\/div>\n<\/div>\n<\/div>\n<\/div>\n<\/div>\n<div dir=\"ltr\" tabindex=\"-1\"><\/div>\n<\/div>\n<div><iframe loading=\"lazy\" src=\"https:\/\/my.uptale.io\/experience\/Launch?id=bAnFtHtR06ON9BXOetrQQ&amp;lang=fr&amp;playbackMode=Smartload\" width=\"100%\" height=\"400px\" frameborder=\"0\" scrolling=\"no\" allowfullscreen=\"allowfullscreen\"><\/iframe><\/div>\n<div><a href=\"https:\/\/my.uptale.io\/experience\/Launch?id=bAnFtHtR06ON9BXOetrQQ&amp;lang=fr&amp;playbackMode=Smartload\" target=\"_blank\" rel=\"noopener\"><span style=\"color: #000000;\">Lien direct.<\/span><\/a><\/div>\n<div><\/div>\n","protected":false},"excerpt":{"rendered":"<p>Nombre de vues : 2026 Projets de d\u00e9ploiements RV avec la soci\u00e9t\u00e9 UPTALE en partenariat avec la DRANE 05 &amp; 06. D\u00e9mos VR &#8211; Testez les formations immersives et interactives d&rsquo;UptaleD\u00e9mos VR Testez les formations immersives et interactives d&rsquo;Uptale. Quelques exemples en d\u00e9monstration. Lien direct.<\/p>\n","protected":false},"author":166,"featured_media":0,"parent":0,"menu_order":0,"comment_status":"closed","ping_status":"closed","template":"","meta":{"footnotes":""},"class_list":["post-1156","page","type-page","status-publish","hentry","nodate","item-wrap"],"rttpg_featured_image_url":null,"rttpg_author":{"display_name":"fferrero","author_link":"https:\/\/www.pedagogie.ac-nice.fr\/sti-voie-pro\/author\/fferrero\/"},"rttpg_comment":0,"rttpg_category":null,"rttpg_excerpt":"Nombre de vues : 2026 Projets de d\u00e9ploiements RV avec la soci\u00e9t\u00e9 UPTALE en partenariat avec la DRANE 05 &amp; 06. D\u00e9mos VR &#8211; Testez les formations immersives et interactives d&rsquo;UptaleD\u00e9mos VR Testez les formations immersives et interactives d&rsquo;Uptale. Quelques exemples en d\u00e9monstration. Lien direct.","post_mailing_queue_ids":[],"_links":{"self":[{"href":"https:\/\/www.pedagogie.ac-nice.fr\/sti-voie-pro\/wp-json\/wp\/v2\/pages\/1156","targetHints":{"allow":["GET"]}}],"collection":[{"href":"https:\/\/www.pedagogie.ac-nice.fr\/sti-voie-pro\/wp-json\/wp\/v2\/pages"}],"about":[{"href":"https:\/\/www.pedagogie.ac-nice.fr\/sti-voie-pro\/wp-json\/wp\/v2\/types\/page"}],"author":[{"embeddable":true,"href":"https:\/\/www.pedagogie.ac-nice.fr\/sti-voie-pro\/wp-json\/wp\/v2\/users\/166"}],"replies":[{"embeddable":true,"href":"https:\/\/www.pedagogie.ac-nice.fr\/sti-voie-pro\/wp-json\/wp\/v2\/comments?post=1156"}],"version-history":[{"count":11,"href":"https:\/\/www.pedagogie.ac-nice.fr\/sti-voie-pro\/wp-json\/wp\/v2\/pages\/1156\/revisions"}],"predecessor-version":[{"id":1743,"href":"https:\/\/www.pedagogie.ac-nice.fr\/sti-voie-pro\/wp-json\/wp\/v2\/pages\/1156\/revisions\/1743"}],"wp:attachment":[{"href":"https:\/\/www.pedagogie.ac-nice.fr\/sti-voie-pro\/wp-json\/wp\/v2\/media?parent=1156"}],"curies":[{"name":"wp","href":"https:\/\/api.w.org\/{rel}","templated":true}]}}