{"id":1163,"date":"2026-01-30T18:05:31","date_gmt":"2026-01-30T17:05:31","guid":{"rendered":"https:\/\/www.pedagogie.ac-nice.fr\/MIGR-sti-voie-pro\/?page_id=1163"},"modified":"2026-04-02T01:39:08","modified_gmt":"2026-04-01T23:39:08","slug":"plateforme-lapentor-com","status":"publish","type":"page","link":"https:\/\/www.pedagogie.ac-nice.fr\/sti-voie-pro\/plateforme-lapentor-com\/","title":{"rendered":"Plateforme Lapentor.com"},"content":{"rendered":"<p>Nombre de vues : 32<\/p>\n<hr \/>\n<p><a href=\"https:\/\/lapentor.com\/\" target=\"_blank\" rel=\"noopener\"><img loading=\"lazy\" decoding=\"async\" class=\"alignnone size-medium wp-image-1164\" src=\"https:\/\/www.pedagogie.ac-nice.fr\/MIGR-sti-voie-pro\/wp-content\/uploads\/sites\/73\/2026\/01\/Logo-lapentor-300x85.png\" alt=\"\" width=\"300\" height=\"85\" srcset=\"https:\/\/www.pedagogie.ac-nice.fr\/sti-voie-pro\/wp-content\/uploads\/sites\/73\/2026\/01\/Logo-lapentor-300x85.png 300w, https:\/\/www.pedagogie.ac-nice.fr\/sti-voie-pro\/wp-content\/uploads\/sites\/73\/2026\/01\/Logo-lapentor.png 511w\" sizes=\"auto, (max-width: 300px) 100vw, 300px\" \/><\/a><\/p>\n<h2><img loading=\"lazy\" decoding=\"async\" class=\"alignnone wp-image-1085\" src=\"https:\/\/www.pedagogie.ac-nice.fr\/MIGR-sti-voie-pro\/wp-content\/uploads\/sites\/73\/2026\/01\/ChatGPT-Image-27-janv.-2026-20_28_52-e1769542236980-300x268.png\" alt=\"\" width=\"205\" height=\"183\" srcset=\"https:\/\/www.pedagogie.ac-nice.fr\/sti-voie-pro\/wp-content\/uploads\/sites\/73\/2026\/01\/ChatGPT-Image-27-janv.-2026-20_28_52-e1769542236980-300x268.png 300w, https:\/\/www.pedagogie.ac-nice.fr\/sti-voie-pro\/wp-content\/uploads\/sites\/73\/2026\/01\/ChatGPT-Image-27-janv.-2026-20_28_52-e1769542236980-645x577.png 645w, https:\/\/www.pedagogie.ac-nice.fr\/sti-voie-pro\/wp-content\/uploads\/sites\/73\/2026\/01\/ChatGPT-Image-27-janv.-2026-20_28_52-e1769542236980.png 760w\" sizes=\"auto, (max-width: 205px) 100vw, 205px\" \/><\/h2>\n<p>&nbsp;<\/p>\n<div>\n<p style=\"text-align: center;\"><strong>Pr\u00e9sentation de l&rsquo;interface RV 360\u00b0 : Lapentor <\/strong><\/p>\n<p style=\"text-align: center;\"><a href=\"https:\/\/lapentor.com\/tutorials\/\" target=\"_blank\" rel=\"noopener\"><strong>https:\/\/lapentor.com\/tutorials\/<\/strong><\/a><\/p>\n<p>Exemple de r\u00e9alisation en ligne :<\/p>\n<p>Cr\u00e9dit : <a href=\"https:\/\/decodesign.gr\" target=\"_blank\" rel=\"noopener\">https:\/\/decodesign.gr<\/a><\/p>\n<div><iframe loading=\"lazy\" src=\"https:\/\/app.lapentor.com\/sphere\/company-sample-booth\" width=\"100%\" height=\"400px\" frameborder=\"0\" scrolling=\"no\" allowfullscreen=\"allowfullscreen\"><\/iframe><\/div>\n<div><a href=\"https:\/\/app.lapentor.com\/sphere\/company-sample-booth\" target=\"_blank\" rel=\"noopener\">Lien direct.<\/a><\/div>\n<div><\/div>\n<div>\n<h2><\/h2>\n<h2 class=\"pvs-header__title text-heading-large\" style=\"text-align: center;\">2021 \u00e0 2023<\/h2>\n<p style=\"text-align: center;\"><strong>R\u00e9alisations Acad\u00e9miques avec la RV 360\u00b0 LAPENTOR, lors de formations aux coll\u00e8gues STI LP et SEGPA<\/strong><\/p>\n<p>&nbsp;<\/p>\n<\/div>\n<p>1\u00b0) TraAM STI : R\u00e9alisation lors des TraAM, par le gestionnaire projet, Franck FERRERO Interlocuteur au num\u00e9rique STI LP.<\/p>\n<\/div>\n<div>\n<div><iframe loading=\"lazy\" src=\"https:\/\/app.lapentor.com\/sphere\/salle-e24-zone4\" width=\"100%\" height=\"400px\" frameborder=\"0\" scrolling=\"no\" allowfullscreen=\"allowfullscreen\"><\/iframe><\/div>\n<div><a href=\"https:\/\/app.lapentor.com\/sphere\/salle-e24-zone4\" target=\"_blank\" rel=\"noopener\"><span style=\"color: #000000;\">Lien direct.<\/span><\/a><\/div>\n<div><span style=\"color: #ffffff;\">.<\/span><\/div>\n<div><\/div>\n<div>2\u00b0) R\u00e9alisation par Mathieu Fays (Professeur de SEGPA) lors de la formation \u00ab\u00a0Maison \u00e9clat\u00e9e, restructuration des plateaux techniques\u00a0\u00bb.<\/div>\n<div><\/div>\n<div><iframe loading=\"lazy\" src=\"https:\/\/app.lapentor.com\/sphere\/atelier-habitat-college-louis-nucera\" width=\"100%\" height=\"400px\" frameborder=\"0\" scrolling=\"no\" allowfullscreen=\"allowfullscreen\"><\/iframe><\/div>\n<p><a href=\"https:\/\/app.lapentor.com\/sphere\/atelier-habitat-college-louis-nucera\" target=\"_blank\" rel=\"noopener\">Lien direct.<\/a><\/p>\n<div><\/div>\n<div>3\u00b0) R\u00e9alisation par Franck FERRERO en collaboration avec les professeurs de la\u00a0 SEGPA du coll\u00e8ge L\u00e9onard de Vinci de Montauroux, pilote de l&rsquo;exp\u00e9rimentation lors de la formation \u00ab\u00a0Maison \u00e9clat\u00e9e, restructuration des plateaux techniques\u00a0\u00bb.<\/div>\n<div><\/div>\n<div><iframe loading=\"lazy\" src=\"https:\/\/app.lapentor.com\/sphere\/atelier-segpa-habitat-clg-leonard-de-vinci-de-montauroux\" width=\"100%\" height=\"400px\" frameborder=\"0\" scrolling=\"no\" allowfullscreen=\"allowfullscreen\"><span style=\"display: inline-block; width: 0px; overflow: hidden; line-height: 0;\" data-mce-type=\"bookmark\" class=\"mce_SELRES_start\">\ufeff<\/span><span style=\"display: inline-block; width: 0px; overflow: hidden; line-height: 0;\" data-mce-type=\"bookmark\" class=\"mce_SELRES_start\">\ufeff<\/span><\/iframe><\/div>\n<div><a href=\"https:\/\/app.lapentor.com\/sphere\/atelier-segpa-habitat-clg-leonard-de-vinci-de-montauroux\" target=\"_blank\" rel=\"noopener\">Lien direct.<\/a><\/div>\n<\/div>\n<div><span style=\"color: #ffffff;\">.<\/span><\/div>\n<div><span style=\"color: #ffffff;\">.<\/span><\/div>\n<div>\n<h2 class=\"pvs-header__title text-heading-large\" style=\"text-align: center;\">2023<\/h2>\n<\/div>\n<div><\/div>\n<div style=\"text-align: center;\"><strong>Impuls\u00e9 de ma part en INSPE sur le Master1 MEEF IFFA Mention 4, les \u00e9tudiants utilisent Lapentor en formation.<\/strong><\/div>\n<div><\/div>\n<div>Exemple sur la d\u00e9couverte de l&rsquo;INSPE Georges V de Nice :<\/div>\n<div><\/div>\n<div><iframe loading=\"lazy\" src=\"https:\/\/app.lapentor.com\/sphere\/pedagolab-1699973805\" width=\"100%\" height=\"400px\" frameborder=\"0\" scrolling=\"no\" allowfullscreen=\"allowfullscreen\"><\/iframe><\/div>\n<div><a href=\"https:\/\/app.lapentor.com\/sphere\/pedagolab-1699973805\" target=\"_blank\" rel=\"noopener\"><span style=\"color: #000000;\">Lien direct.<\/span><\/a><\/div>\n<div><\/div>\n<div><\/div>\n<div>\n<h2 class=\"pvs-header__title text-heading-large\" style=\"text-align: center;\">2024<\/h2>\n<\/div>\n<p style=\"text-align: center;\"><strong>M\u00e9moire de Master2 MEEF IFFA Nice, avec la RV 360\u00b0 LAPENTOR<\/strong><\/p>\n<p style=\"text-align: center;\"><em>L\u2019apport de la technologie 360\u00b0 dans l&rsquo;orientation professionnelle (&#8230;)<\/em><br \/>\nExp\u00e9rimentations au CFA M\u00e9tropole Nice C\u00f4te d&rsquo;Azur (2023-2024)<\/p>\n<p><a href=\"https:\/\/www.linkedin.com\/posts\/lei-guo-38b83a280_paestisserie-formationprofessionnelle-visitevirtuelle-activity-7196388861864747008-hKiG?utm_source=share&amp;utm_medium=member_desktop&amp;rcm=ACoAAFvCq1cB1dv9TGKI5tHnLUVYBk-NUaDPlLw\" target=\"_blank\" rel=\"noopener\">Lien Linkedin.<\/a><\/p>\n<p>&nbsp;<\/p>\n<p>&nbsp;<\/p>\n","protected":false},"excerpt":{"rendered":"<p>Nombre de vues : &nbsp; Pr\u00e9sentation de l&rsquo;interface RV 360\u00b0 : Lapentor https:\/\/lapentor.com\/tutorials\/ Exemple de r\u00e9alisation en ligne : Cr\u00e9dit : https:\/\/decodesign.gr Lien direct. 2021 \u00e0 2023 R\u00e9alisations Acad\u00e9miques avec la RV 360\u00b0 LAPENTOR, lors de formations aux coll\u00e8gues STI LP et SEGPA &nbsp; 1\u00b0) TraAM STI : R\u00e9alisation lors des TraAM, par le gestionnaire &hellip; <\/p>\n<p><a class=\"more-link btn\" href=\"https:\/\/www.pedagogie.ac-nice.fr\/sti-voie-pro\/plateforme-lapentor-com\/\">Lire la suite<\/a><\/p>\n","protected":false},"author":166,"featured_media":0,"parent":0,"menu_order":0,"comment_status":"closed","ping_status":"closed","template":"","meta":{"footnotes":""},"class_list":["post-1163","page","type-page","status-publish","hentry","nodate","item-wrap"],"rttpg_featured_image_url":null,"rttpg_author":{"display_name":"fferrero","author_link":"https:\/\/www.pedagogie.ac-nice.fr\/sti-voie-pro\/author\/fferrero\/"},"rttpg_comment":0,"rttpg_category":null,"rttpg_excerpt":"Nombre de vues : &nbsp; Pr\u00e9sentation de l&rsquo;interface RV 360\u00b0 : Lapentor https:\/\/lapentor.com\/tutorials\/ Exemple de r\u00e9alisation en ligne : Cr\u00e9dit : https:\/\/decodesign.gr Lien direct. 2021 \u00e0 2023 R\u00e9alisations Acad\u00e9miques avec la RV 360\u00b0 LAPENTOR, lors de formations aux coll\u00e8gues STI LP et SEGPA &nbsp; 1\u00b0) TraAM STI : R\u00e9alisation lors des TraAM, par le gestionnaire\u2026","post_mailing_queue_ids":[],"_links":{"self":[{"href":"https:\/\/www.pedagogie.ac-nice.fr\/sti-voie-pro\/wp-json\/wp\/v2\/pages\/1163","targetHints":{"allow":["GET"]}}],"collection":[{"href":"https:\/\/www.pedagogie.ac-nice.fr\/sti-voie-pro\/wp-json\/wp\/v2\/pages"}],"about":[{"href":"https:\/\/www.pedagogie.ac-nice.fr\/sti-voie-pro\/wp-json\/wp\/v2\/types\/page"}],"author":[{"embeddable":true,"href":"https:\/\/www.pedagogie.ac-nice.fr\/sti-voie-pro\/wp-json\/wp\/v2\/users\/166"}],"replies":[{"embeddable":true,"href":"https:\/\/www.pedagogie.ac-nice.fr\/sti-voie-pro\/wp-json\/wp\/v2\/comments?post=1163"}],"version-history":[{"count":14,"href":"https:\/\/www.pedagogie.ac-nice.fr\/sti-voie-pro\/wp-json\/wp\/v2\/pages\/1163\/revisions"}],"predecessor-version":[{"id":1742,"href":"https:\/\/www.pedagogie.ac-nice.fr\/sti-voie-pro\/wp-json\/wp\/v2\/pages\/1163\/revisions\/1742"}],"wp:attachment":[{"href":"https:\/\/www.pedagogie.ac-nice.fr\/sti-voie-pro\/wp-json\/wp\/v2\/media?parent=1163"}],"curies":[{"name":"wp","href":"https:\/\/api.w.org\/{rel}","templated":true}]}}