{"id":1177,"date":"2026-01-30T18:38:01","date_gmt":"2026-01-30T17:38:01","guid":{"rendered":"https:\/\/www.pedagogie.ac-nice.fr\/MIGR-sti-voie-pro\/?page_id=1177"},"modified":"2026-04-02T01:43:11","modified_gmt":"2026-04-01T23:43:11","slug":"travaux-sur-le-metavers-pedagogique-2","status":"publish","type":"page","link":"https:\/\/www.pedagogie.ac-nice.fr\/sti-voie-pro\/travaux-sur-le-metavers-pedagogique-2\/","title":{"rendered":"Travaux sur le M\u00e9tavers p\u00e9dagogique"},"content":{"rendered":"<p>Nombre de vues : 30<\/p>\n<hr \/>\n<p><a href=\"https:\/\/www.pedagogie.ac-nice.fr\/MIGR-sti-voie-pro\/travaux-sur-les-metavers-pedagogiques\/chatgpt-image-27-janv-2026-20_45_28\/\" rel=\"attachment wp-att-1096\"><img loading=\"lazy\" decoding=\"async\" class=\"alignnone size-medium wp-image-1096\" src=\"https:\/\/www.pedagogie.ac-nice.fr\/MIGR-sti-voie-pro\/wp-content\/uploads\/sites\/73\/2026\/01\/ChatGPT-Image-27-janv.-2026-20_45_28-e1769543224821-300x230.png\" alt=\"\" width=\"300\" height=\"230\" srcset=\"https:\/\/www.pedagogie.ac-nice.fr\/sti-voie-pro\/wp-content\/uploads\/sites\/73\/2026\/01\/ChatGPT-Image-27-janv.-2026-20_45_28-e1769543224821-300x230.png 300w, https:\/\/www.pedagogie.ac-nice.fr\/sti-voie-pro\/wp-content\/uploads\/sites\/73\/2026\/01\/ChatGPT-Image-27-janv.-2026-20_45_28-e1769543224821-768x590.png 768w, https:\/\/www.pedagogie.ac-nice.fr\/sti-voie-pro\/wp-content\/uploads\/sites\/73\/2026\/01\/ChatGPT-Image-27-janv.-2026-20_45_28-e1769543224821-645x495.png 645w, https:\/\/www.pedagogie.ac-nice.fr\/sti-voie-pro\/wp-content\/uploads\/sites\/73\/2026\/01\/ChatGPT-Image-27-janv.-2026-20_45_28-e1769543224821.png 906w\" sizes=\"auto, (max-width: 300px) 100vw, 300px\" \/><\/a><\/p>\n<p>&nbsp;<\/p>\n<p>(&#8230;)<\/p>\n<p>Le terme m\u00e9tavers est apparu pour la premi\u00e8re fois dans le roman \u00ab Snow Crash \u00bb de Niels Stephenson en 1992. L\u2019id\u00e9e a \u00e9t\u00e9 remise au go\u00fbt du jour en 2011 par Ernest Cline dans le roman \u00ab Player One \u00bb dans lequel il d\u00e9crit un monde virtuel nomm\u00e9 l\u2019OASIS. L\u2019OASIS est un monde aux multiples possibilit\u00e9s auquel il \u00e9tait possible de se connecter gr\u00e2ce \u00e0 un casque de r\u00e9alit\u00e9 virtuelle et une combinaison haptique. Dans les faits, le premier environnement virtuel multi-utilisateur qui pourrait se pr\u00e9valoir du terme m\u00e9tavers a \u00e9t\u00e9 d\u00e9velopp\u00e9 en 1996 et s\u2019intitule Habitat.<\/p>\n<p>(&#8230;)<\/p>\n<p>Lelardeux, C. P. (2023). Le m\u00e9tavers, l&rsquo;ENT du futur?. <i>Collection num\u00e9rique de l\u2019AMUE, Agence de mutualisation des universit\u00e9s et \u00e9tablissements d&rsquo;enseignement sup\u00e9rieur<\/i>, (28), 9-10.<\/p>\n<p>Catherine Pons Lelardeux. Le m\u00e9tavers, l\u2019ENT du futur ?. Collection num\u00e9rique de l\u2019AMUE, Agence<br \/>\nde mutualisation des universit\u00e9s et \u00e9tablissements d\u2019enseignement sup\u00e9rieur, 2023, 28, pp.9-10. ffhal05010348f<\/p>\n<p><a href=\"https:\/\/hal.science\/hal-05010348v1\" target=\"_blank\" rel=\"noopener\">https:\/\/hal.science\/hal-05010348v1<\/a><\/p>\n<p>&nbsp;<\/p>\n<p>&nbsp;<\/p>\n","protected":false},"excerpt":{"rendered":"<p>Nombre de vues : &nbsp; (&#8230;) Le terme m\u00e9tavers est apparu pour la premi\u00e8re fois dans le roman \u00ab Snow Crash \u00bb de Niels Stephenson en 1992. L\u2019id\u00e9e a \u00e9t\u00e9 remise au go\u00fbt du jour en 2011 par Ernest Cline dans le roman \u00ab Player One \u00bb dans lequel il d\u00e9crit un monde virtuel nomm\u00e9 &hellip; <\/p>\n<p><a class=\"more-link btn\" href=\"https:\/\/www.pedagogie.ac-nice.fr\/sti-voie-pro\/travaux-sur-le-metavers-pedagogique-2\/\">Lire la suite<\/a><\/p>\n","protected":false},"author":166,"featured_media":0,"parent":0,"menu_order":0,"comment_status":"closed","ping_status":"closed","template":"","meta":{"footnotes":""},"class_list":["post-1177","page","type-page","status-publish","hentry","nodate","item-wrap"],"rttpg_featured_image_url":null,"rttpg_author":{"display_name":"fferrero","author_link":"https:\/\/www.pedagogie.ac-nice.fr\/sti-voie-pro\/author\/fferrero\/"},"rttpg_comment":0,"rttpg_category":null,"rttpg_excerpt":"Nombre de vues : &nbsp; (&#8230;) Le terme m\u00e9tavers est apparu pour la premi\u00e8re fois dans le roman \u00ab Snow Crash \u00bb de Niels Stephenson en 1992. L\u2019id\u00e9e a \u00e9t\u00e9 remise au go\u00fbt du jour en 2011 par Ernest Cline dans le roman \u00ab Player One \u00bb dans lequel il d\u00e9crit un monde virtuel nomm\u00e9\u2026","post_mailing_queue_ids":[],"_links":{"self":[{"href":"https:\/\/www.pedagogie.ac-nice.fr\/sti-voie-pro\/wp-json\/wp\/v2\/pages\/1177","targetHints":{"allow":["GET"]}}],"collection":[{"href":"https:\/\/www.pedagogie.ac-nice.fr\/sti-voie-pro\/wp-json\/wp\/v2\/pages"}],"about":[{"href":"https:\/\/www.pedagogie.ac-nice.fr\/sti-voie-pro\/wp-json\/wp\/v2\/types\/page"}],"author":[{"embeddable":true,"href":"https:\/\/www.pedagogie.ac-nice.fr\/sti-voie-pro\/wp-json\/wp\/v2\/users\/166"}],"replies":[{"embeddable":true,"href":"https:\/\/www.pedagogie.ac-nice.fr\/sti-voie-pro\/wp-json\/wp\/v2\/comments?post=1177"}],"version-history":[{"count":7,"href":"https:\/\/www.pedagogie.ac-nice.fr\/sti-voie-pro\/wp-json\/wp\/v2\/pages\/1177\/revisions"}],"predecessor-version":[{"id":1752,"href":"https:\/\/www.pedagogie.ac-nice.fr\/sti-voie-pro\/wp-json\/wp\/v2\/pages\/1177\/revisions\/1752"}],"wp:attachment":[{"href":"https:\/\/www.pedagogie.ac-nice.fr\/sti-voie-pro\/wp-json\/wp\/v2\/media?parent=1177"}],"curies":[{"name":"wp","href":"https:\/\/api.w.org\/{rel}","templated":true}]}}