{"id":1187,"date":"2026-01-30T19:08:18","date_gmt":"2026-01-30T18:08:18","guid":{"rendered":"https:\/\/www.pedagogie.ac-nice.fr\/MIGR-sti-voie-pro\/?page_id=1187"},"modified":"2026-04-02T01:40:44","modified_gmt":"2026-04-01T23:40:44","slug":"plateforme-immersivcolab-projet-rvrc-4-0-academies-de-nice-et-daix-marseille","status":"publish","type":"page","link":"https:\/\/www.pedagogie.ac-nice.fr\/sti-voie-pro\/plateforme-immersivcolab-projet-rvrc-4-0-academies-de-nice-et-daix-marseille\/","title":{"rendered":"Soci\u00e9t\u00e9 Immersive Colab (projet RVRC 4.0 Acad\u00e9mies de Nice et d&rsquo;Aix-Marseille)"},"content":{"rendered":"<p>Nombre de vues : 21<\/p>\n<hr \/>\n<p><a href=\"https:\/\/immersive-colab.fr\/la-realite-virtuelle-au-service-de-la-relation-client-deffinum-rvrc-4-0\/\" target=\"_blank\" rel=\"noopener\"><img loading=\"lazy\" decoding=\"async\" class=\"alignnone wp-image-1190\" src=\"https:\/\/www.pedagogie.ac-nice.fr\/MIGR-sti-voie-pro\/wp-content\/uploads\/sites\/73\/2026\/01\/cropped-cropped-Logo-Immersive-CoLab-2020-512x512.-Transparent.fw_-300x225.png\" alt=\"\" width=\"183\" height=\"137\" srcset=\"https:\/\/www.pedagogie.ac-nice.fr\/sti-voie-pro\/wp-content\/uploads\/sites\/73\/2026\/01\/cropped-cropped-Logo-Immersive-CoLab-2020-512x512.-Transparent.fw_-300x225.png 300w, https:\/\/www.pedagogie.ac-nice.fr\/sti-voie-pro\/wp-content\/uploads\/sites\/73\/2026\/01\/cropped-cropped-Logo-Immersive-CoLab-2020-512x512.-Transparent.fw_.png 512w\" sizes=\"auto, (max-width: 183px) 100vw, 183px\" \/><\/a><\/p>\n<p><img loading=\"lazy\" decoding=\"async\" class=\"alignnone wp-image-1096\" src=\"https:\/\/www.pedagogie.ac-nice.fr\/MIGR-sti-voie-pro\/wp-content\/uploads\/sites\/73\/2026\/01\/ChatGPT-Image-27-janv.-2026-20_45_28-e1769543224821-300x230.png\" alt=\"\" width=\"224\" height=\"172\" srcset=\"https:\/\/www.pedagogie.ac-nice.fr\/sti-voie-pro\/wp-content\/uploads\/sites\/73\/2026\/01\/ChatGPT-Image-27-janv.-2026-20_45_28-e1769543224821-300x230.png 300w, https:\/\/www.pedagogie.ac-nice.fr\/sti-voie-pro\/wp-content\/uploads\/sites\/73\/2026\/01\/ChatGPT-Image-27-janv.-2026-20_45_28-e1769543224821-768x590.png 768w, https:\/\/www.pedagogie.ac-nice.fr\/sti-voie-pro\/wp-content\/uploads\/sites\/73\/2026\/01\/ChatGPT-Image-27-janv.-2026-20_45_28-e1769543224821-645x495.png 645w, https:\/\/www.pedagogie.ac-nice.fr\/sti-voie-pro\/wp-content\/uploads\/sites\/73\/2026\/01\/ChatGPT-Image-27-janv.-2026-20_45_28-e1769543224821.png 906w\" sizes=\"auto, (max-width: 224px) 100vw, 224px\" \/><\/p>\n<p style=\"text-align: center;\"><strong>Voici le projet sur lequel j\u2019ai travaill\u00e9 en tant que charg\u00e9 de mission DRANE Nice sur la R\u00e9alit\u00e9 Virtuelle : Projet RVRC4.0<\/strong><\/p>\n<p>Mon sujet de M\u00e9moire de Master 2 MEEF IFFA Mention 4 Ing\u00e9nieur de Formation, Formateur pour Adultes, m&rsquo;a permis d&rsquo;exp\u00e9rimenter ce projet avec le concours de la DRANE PACA, de la soci\u00e9t\u00e9 <a href=\"https:\/\/immersive-colab.fr\/la-realite-virtuelle-au-service-de-la-relation-client-deffinum-rvrc-4-0\/\" target=\"_blank\" rel=\"noopener\">Immersive Colab<\/a> ainsi que sa plateforme <strong>ACT\u2019IVE<\/strong> \u00ae<\/p>\n<p style=\"text-align: center;\"><strong>\u00ab Le M\u00e9tavers au service de la formation professionnelle : renforcer les comp\u00e9tences langagi\u00e8res et comportementales dans les m\u00e9tiers de la relation client \u00bb<\/strong><\/p>\n<p>J&rsquo;ai r\u00e9alis\u00e9 mes exp\u00e9rimentations sur 2 lyc\u00e9es, faisant participer plus de 60 \u00e9l\u00e8ves.<\/p>\n<p>Liste de tous les \u00e9tablissements qui ont particip\u00e9 (Nord et Sud) : <a href=\"https:\/\/monavenirpro-hdf.fr\/notre-reseau\/gip-viapro\/rvrc-4-0\/\" target=\"_blank\" rel=\"noopener\">https:\/\/monavenirpro-hdf.fr\/notre-reseau\/gip-viapro\/rvrc-4-0\/<\/a><\/p>\n<p>Liste des \u00e9tablissements avec lesquels je suis intervenu c\u00f4t\u00e9 Sud :<\/p>\n<ul>\n<li><strong>Lyc\u00e9e Jacques Dolle :\u00a0<\/strong>\n<ul>\n<li><strong>T\u00e9l.<\/strong> 04 92 91 79 17<\/li>\n<li>Acc\u00e9dez au site internet en <a href=\"https:\/\/www.lyc-jacques-dolle.ac-nice.fr\/\" target=\"_blank\" rel=\"noopener noreferrer nofollow\">cliquant ici<\/a><\/li>\n<\/ul>\n<\/li>\n<li><strong>Lyc\u00e9e Auguste Escoffier \u2013 Cagnes sur Mer :\u00a0<\/strong>\n<ul>\n<li><strong>T\u00e9l.<\/strong> 04 92 13 48 80<\/li>\n<li>Acc\u00e9dez au site internet en <a href=\"https:\/\/lp-escoffier.education\/\" target=\"_blank\" rel=\"noopener noreferrer nofollow\">cliquant ici<\/a><\/li>\n<\/ul>\n<\/li>\n<\/ul>\n<p>&nbsp;<\/p>\n<p>M. FERRERO Franck, Correspondant au Num\u00e9rique en STI de la voie Professionnelle.<\/p>\n","protected":false},"excerpt":{"rendered":"<p>Nombre de vues : Voici le projet sur lequel j\u2019ai travaill\u00e9 en tant que charg\u00e9 de mission DRANE Nice sur la R\u00e9alit\u00e9 Virtuelle : Projet RVRC4.0 Mon sujet de M\u00e9moire de Master 2 MEEF IFFA Mention 4 Ing\u00e9nieur de Formation, Formateur pour Adultes, m&rsquo;a permis d&rsquo;exp\u00e9rimenter ce projet avec le concours de la DRANE PACA, &hellip; <\/p>\n<p><a class=\"more-link btn\" href=\"https:\/\/www.pedagogie.ac-nice.fr\/sti-voie-pro\/plateforme-immersivcolab-projet-rvrc-4-0-academies-de-nice-et-daix-marseille\/\">Lire la suite<\/a><\/p>\n","protected":false},"author":166,"featured_media":0,"parent":0,"menu_order":0,"comment_status":"closed","ping_status":"closed","template":"","meta":{"footnotes":""},"class_list":["post-1187","page","type-page","status-publish","hentry","nodate","item-wrap"],"rttpg_featured_image_url":null,"rttpg_author":{"display_name":"fferrero","author_link":"https:\/\/www.pedagogie.ac-nice.fr\/sti-voie-pro\/author\/fferrero\/"},"rttpg_comment":0,"rttpg_category":null,"rttpg_excerpt":"Nombre de vues : Voici le projet sur lequel j\u2019ai travaill\u00e9 en tant que charg\u00e9 de mission DRANE Nice sur la R\u00e9alit\u00e9 Virtuelle : Projet RVRC4.0 Mon sujet de M\u00e9moire de Master 2 MEEF IFFA Mention 4 Ing\u00e9nieur de Formation, Formateur pour Adultes, m&rsquo;a permis d&rsquo;exp\u00e9rimenter ce projet avec le concours de la DRANE PACA,\u2026","post_mailing_queue_ids":[],"_links":{"self":[{"href":"https:\/\/www.pedagogie.ac-nice.fr\/sti-voie-pro\/wp-json\/wp\/v2\/pages\/1187","targetHints":{"allow":["GET"]}}],"collection":[{"href":"https:\/\/www.pedagogie.ac-nice.fr\/sti-voie-pro\/wp-json\/wp\/v2\/pages"}],"about":[{"href":"https:\/\/www.pedagogie.ac-nice.fr\/sti-voie-pro\/wp-json\/wp\/v2\/types\/page"}],"author":[{"embeddable":true,"href":"https:\/\/www.pedagogie.ac-nice.fr\/sti-voie-pro\/wp-json\/wp\/v2\/users\/166"}],"replies":[{"embeddable":true,"href":"https:\/\/www.pedagogie.ac-nice.fr\/sti-voie-pro\/wp-json\/wp\/v2\/comments?post=1187"}],"version-history":[{"count":24,"href":"https:\/\/www.pedagogie.ac-nice.fr\/sti-voie-pro\/wp-json\/wp\/v2\/pages\/1187\/revisions"}],"predecessor-version":[{"id":1746,"href":"https:\/\/www.pedagogie.ac-nice.fr\/sti-voie-pro\/wp-json\/wp\/v2\/pages\/1187\/revisions\/1746"}],"wp:attachment":[{"href":"https:\/\/www.pedagogie.ac-nice.fr\/sti-voie-pro\/wp-json\/wp\/v2\/media?parent=1187"}],"curies":[{"name":"wp","href":"https:\/\/api.w.org\/{rel}","templated":true}]}}