{"id":1494,"date":"2026-02-08T21:48:15","date_gmt":"2026-02-08T20:48:15","guid":{"rendered":"https:\/\/www.pedagogie.ac-nice.fr\/MIGR-sti-voie-pro\/?page_id=1494"},"modified":"2026-04-02T01:36:02","modified_gmt":"2026-04-01T23:36:02","slug":"pronote-pedagogique","status":"publish","type":"page","link":"https:\/\/www.pedagogie.ac-nice.fr\/sti-voie-pro\/pronote-pedagogique\/","title":{"rendered":"Formations Pronote P\u00e9dagogique"},"content":{"rendered":"<p>Nombre de vues : 9<\/p>\n<hr \/>\n<p><img loading=\"lazy\" decoding=\"async\" class=\"alignnone size-full wp-image-1505\" src=\"https:\/\/www.pedagogie.ac-nice.fr\/MIGR-sti-voie-pro\/wp-content\/uploads\/sites\/73\/2026\/02\/pronote-removebg-preview.png\" alt=\"\" width=\"200\" height=\"59\" \/> <a href=\"https:\/\/www.pedagogie.ac-nice.fr\/MIGR-sti-voie-pro\/formations-sur-la-vr\/chatgpt-image-9-fevr-2026-19_01_33\/\" rel=\"attachment wp-att-1581\"><img loading=\"lazy\" decoding=\"async\" class=\"alignnone wp-image-1581\" src=\"https:\/\/www.pedagogie.ac-nice.fr\/MIGR-sti-voie-pro\/wp-content\/uploads\/sites\/73\/2026\/02\/ChatGPT-Image-9-fevr.-2026-19_01_33-e1770660214258-300x241.png\" alt=\"\" width=\"250\" height=\"201\" srcset=\"https:\/\/www.pedagogie.ac-nice.fr\/sti-voie-pro\/wp-content\/uploads\/sites\/73\/2026\/02\/ChatGPT-Image-9-fevr.-2026-19_01_33-e1770660214258-300x241.png 300w, https:\/\/www.pedagogie.ac-nice.fr\/sti-voie-pro\/wp-content\/uploads\/sites\/73\/2026\/02\/ChatGPT-Image-9-fevr.-2026-19_01_33-e1770660214258-768x616.png 768w, https:\/\/www.pedagogie.ac-nice.fr\/sti-voie-pro\/wp-content\/uploads\/sites\/73\/2026\/02\/ChatGPT-Image-9-fevr.-2026-19_01_33-e1770660214258-645x517.png 645w, https:\/\/www.pedagogie.ac-nice.fr\/sti-voie-pro\/wp-content\/uploads\/sites\/73\/2026\/02\/ChatGPT-Image-9-fevr.-2026-19_01_33-e1770660214258.png 970w\" sizes=\"auto, (max-width: 250px) 100vw, 250px\" \/><\/a><\/p>\n<p>La formation dispens\u00e9e en tant que Charg\u00e9 de Mission Acad\u00e9mique permet aux professeurs d&rsquo;approfondir les possibilit\u00e9s p\u00e9dagogiques de PRONOTE.<\/p>\n<p>&nbsp;<\/p>\n<p><a href=\"https:\/\/www.pedagogie.ac-nice.fr\/sti-voie-pro\/category\/formations-academiques\/\"><span style=\"font-size: 14pt;\">\ud83c\udfed \ud83d\udcce RETROUVEZ LES TRAVAUX SOUS FORME D&rsquo;ARTICLES DANS LA CAT\u00c9GORIE \u00ab\u00a0FORMATIONS ACAD\u00c9MIQUES\u00a0\u00bb<\/span><\/a><\/p>\n","protected":false},"excerpt":{"rendered":"<p>Nombre de vues : La formation dispens\u00e9e en tant que Charg\u00e9 de Mission Acad\u00e9mique permet aux professeurs d&rsquo;approfondir les possibilit\u00e9s p\u00e9dagogiques de PRONOTE. &nbsp; \ud83c\udfed \ud83d\udcce RETROUVEZ LES TRAVAUX SOUS FORME D&rsquo;ARTICLES DANS LA CAT\u00c9GORIE \u00ab\u00a0FORMATIONS ACAD\u00c9MIQUES\u00a0\u00bb<\/p>\n","protected":false},"author":166,"featured_media":0,"parent":0,"menu_order":0,"comment_status":"closed","ping_status":"closed","template":"","meta":{"footnotes":""},"class_list":["post-1494","page","type-page","status-publish","hentry","nodate","item-wrap"],"rttpg_featured_image_url":null,"rttpg_author":{"display_name":"fferrero","author_link":"https:\/\/www.pedagogie.ac-nice.fr\/sti-voie-pro\/author\/fferrero\/"},"rttpg_comment":0,"rttpg_category":null,"rttpg_excerpt":"Nombre de vues : La formation dispens\u00e9e en tant que Charg\u00e9 de Mission Acad\u00e9mique permet aux professeurs d&rsquo;approfondir les possibilit\u00e9s p\u00e9dagogiques de PRONOTE. &nbsp; \ud83c\udfed \ud83d\udcce RETROUVEZ LES TRAVAUX SOUS FORME D&rsquo;ARTICLES DANS LA CAT\u00c9GORIE \u00ab\u00a0FORMATIONS ACAD\u00c9MIQUES\u00a0\u00bb","post_mailing_queue_ids":[],"_links":{"self":[{"href":"https:\/\/www.pedagogie.ac-nice.fr\/sti-voie-pro\/wp-json\/wp\/v2\/pages\/1494","targetHints":{"allow":["GET"]}}],"collection":[{"href":"https:\/\/www.pedagogie.ac-nice.fr\/sti-voie-pro\/wp-json\/wp\/v2\/pages"}],"about":[{"href":"https:\/\/www.pedagogie.ac-nice.fr\/sti-voie-pro\/wp-json\/wp\/v2\/types\/page"}],"author":[{"embeddable":true,"href":"https:\/\/www.pedagogie.ac-nice.fr\/sti-voie-pro\/wp-json\/wp\/v2\/users\/166"}],"replies":[{"embeddable":true,"href":"https:\/\/www.pedagogie.ac-nice.fr\/sti-voie-pro\/wp-json\/wp\/v2\/comments?post=1494"}],"version-history":[{"count":9,"href":"https:\/\/www.pedagogie.ac-nice.fr\/sti-voie-pro\/wp-json\/wp\/v2\/pages\/1494\/revisions"}],"predecessor-version":[{"id":1734,"href":"https:\/\/www.pedagogie.ac-nice.fr\/sti-voie-pro\/wp-json\/wp\/v2\/pages\/1494\/revisions\/1734"}],"wp:attachment":[{"href":"https:\/\/www.pedagogie.ac-nice.fr\/sti-voie-pro\/wp-json\/wp\/v2\/media?parent=1494"}],"curies":[{"name":"wp","href":"https:\/\/api.w.org\/{rel}","templated":true}]}}