{"id":1497,"date":"2026-02-08T21:48:32","date_gmt":"2026-02-08T20:48:32","guid":{"rendered":"https:\/\/www.pedagogie.ac-nice.fr\/MIGR-sti-voie-pro\/?page_id=1497"},"modified":"2026-04-02T01:35:37","modified_gmt":"2026-04-01T23:35:37","slug":"cpro-sti","status":"publish","type":"page","link":"https:\/\/www.pedagogie.ac-nice.fr\/sti-voie-pro\/cpro-sti\/","title":{"rendered":"Formations Cpro STI"},"content":{"rendered":"<p>Nombre de vues : 7<\/p>\n<hr \/>\n<p><img loading=\"lazy\" decoding=\"async\" class=\"alignnone size-full wp-image-1503\" src=\"https:\/\/www.pedagogie.ac-nice.fr\/MIGR-sti-voie-pro\/wp-content\/uploads\/sites\/73\/2026\/02\/cpro-education.png\" alt=\"\" width=\"198\" height=\"48\" \/><img loading=\"lazy\" decoding=\"async\" class=\"alignnone size-full wp-image-1504\" src=\"https:\/\/www.pedagogie.ac-nice.fr\/MIGR-sti-voie-pro\/wp-content\/uploads\/sites\/73\/2026\/02\/cannope.png\" alt=\"\" width=\"215\" height=\"55\" \/><a href=\"https:\/\/www.pedagogie.ac-nice.fr\/MIGR-sti-voie-pro\/formations-sur-la-vr\/chatgpt-image-9-fevr-2026-19_01_33\/\" rel=\"attachment wp-att-1581\"><img loading=\"lazy\" decoding=\"async\" class=\"alignnone wp-image-1581\" src=\"https:\/\/www.pedagogie.ac-nice.fr\/MIGR-sti-voie-pro\/wp-content\/uploads\/sites\/73\/2026\/02\/ChatGPT-Image-9-fevr.-2026-19_01_33-e1770660214258-300x241.png\" alt=\"\" width=\"216\" height=\"173\" srcset=\"https:\/\/www.pedagogie.ac-nice.fr\/sti-voie-pro\/wp-content\/uploads\/sites\/73\/2026\/02\/ChatGPT-Image-9-fevr.-2026-19_01_33-e1770660214258-300x241.png 300w, https:\/\/www.pedagogie.ac-nice.fr\/sti-voie-pro\/wp-content\/uploads\/sites\/73\/2026\/02\/ChatGPT-Image-9-fevr.-2026-19_01_33-e1770660214258-768x616.png 768w, https:\/\/www.pedagogie.ac-nice.fr\/sti-voie-pro\/wp-content\/uploads\/sites\/73\/2026\/02\/ChatGPT-Image-9-fevr.-2026-19_01_33-e1770660214258-645x517.png 645w, https:\/\/www.pedagogie.ac-nice.fr\/sti-voie-pro\/wp-content\/uploads\/sites\/73\/2026\/02\/ChatGPT-Image-9-fevr.-2026-19_01_33-e1770660214258.png 970w\" sizes=\"auto, (max-width: 216px) 100vw, 216px\" \/><\/a><\/p>\n<p>Des exemples de travaux pratiques donn\u00e9s par <a href=\"https:\/\/www.reseau-canope.fr\/cpro-education\/formation.html\" target=\"_blank\" rel=\"noopener\">CPRO EDUCATION<\/a> existent avec la possibilit\u00e9 d&rsquo;avoir des acc\u00e8s \u00e0 des comptes virtuels li\u00e9s \u00e0 divers r\u00e9f\u00e9rentiels de formations.<\/p>\n<p>Cette m\u00e9thode permet de s\u2019entra\u00eener et de d\u00e9couvrir les possibilit\u00e9s de la plateforme CPRO STI avec des comptes \u00e9l\u00e8ves et des comptes professeurs.<\/p>\n<p>&nbsp;<\/p>\n<p><a href=\"https:\/\/www.pedagogie.ac-nice.fr\/sti-voie-pro\/category\/formations-academiques\/\"><span style=\"font-size: 14pt;\">\ud83c\udfed \ud83d\udcce RETROUVEZ LES TRAVAUX SOUS FORME D&rsquo;ARTICLES DANS LA CAT\u00c9GORIE \u00ab\u00a0FORMATIONS ACAD\u00c9MIQUES\u00a0\u00bb<\/span><\/a><\/p>\n","protected":false},"excerpt":{"rendered":"<p>Nombre de vues : Des exemples de travaux pratiques donn\u00e9s par CPRO EDUCATION existent avec la possibilit\u00e9 d&rsquo;avoir des acc\u00e8s \u00e0 des comptes virtuels li\u00e9s \u00e0 divers r\u00e9f\u00e9rentiels de formations. Cette m\u00e9thode permet de s\u2019entra\u00eener et de d\u00e9couvrir les possibilit\u00e9s de la plateforme CPRO STI avec des comptes \u00e9l\u00e8ves et des comptes professeurs. &nbsp; \ud83c\udfed &hellip; <\/p>\n<p><a class=\"more-link btn\" href=\"https:\/\/www.pedagogie.ac-nice.fr\/sti-voie-pro\/cpro-sti\/\">Lire la suite<\/a><\/p>\n","protected":false},"author":166,"featured_media":0,"parent":0,"menu_order":0,"comment_status":"closed","ping_status":"closed","template":"","meta":{"footnotes":""},"class_list":["post-1497","page","type-page","status-publish","hentry","nodate","item-wrap"],"rttpg_featured_image_url":null,"rttpg_author":{"display_name":"fferrero","author_link":"https:\/\/www.pedagogie.ac-nice.fr\/sti-voie-pro\/author\/fferrero\/"},"rttpg_comment":0,"rttpg_category":null,"rttpg_excerpt":"Nombre de vues : Des exemples de travaux pratiques donn\u00e9s par CPRO EDUCATION existent avec la possibilit\u00e9 d&rsquo;avoir des acc\u00e8s \u00e0 des comptes virtuels li\u00e9s \u00e0 divers r\u00e9f\u00e9rentiels de formations. Cette m\u00e9thode permet de s\u2019entra\u00eener et de d\u00e9couvrir les possibilit\u00e9s de la plateforme CPRO STI avec des comptes \u00e9l\u00e8ves et des comptes professeurs. &nbsp; \ud83c\udfed\u2026","post_mailing_queue_ids":[],"_links":{"self":[{"href":"https:\/\/www.pedagogie.ac-nice.fr\/sti-voie-pro\/wp-json\/wp\/v2\/pages\/1497","targetHints":{"allow":["GET"]}}],"collection":[{"href":"https:\/\/www.pedagogie.ac-nice.fr\/sti-voie-pro\/wp-json\/wp\/v2\/pages"}],"about":[{"href":"https:\/\/www.pedagogie.ac-nice.fr\/sti-voie-pro\/wp-json\/wp\/v2\/types\/page"}],"author":[{"embeddable":true,"href":"https:\/\/www.pedagogie.ac-nice.fr\/sti-voie-pro\/wp-json\/wp\/v2\/users\/166"}],"replies":[{"embeddable":true,"href":"https:\/\/www.pedagogie.ac-nice.fr\/sti-voie-pro\/wp-json\/wp\/v2\/comments?post=1497"}],"version-history":[{"count":15,"href":"https:\/\/www.pedagogie.ac-nice.fr\/sti-voie-pro\/wp-json\/wp\/v2\/pages\/1497\/revisions"}],"predecessor-version":[{"id":1733,"href":"https:\/\/www.pedagogie.ac-nice.fr\/sti-voie-pro\/wp-json\/wp\/v2\/pages\/1497\/revisions\/1733"}],"wp:attachment":[{"href":"https:\/\/www.pedagogie.ac-nice.fr\/sti-voie-pro\/wp-json\/wp\/v2\/media?parent=1497"}],"curies":[{"name":"wp","href":"https:\/\/api.w.org\/{rel}","templated":true}]}}