{"id":201,"date":"2026-01-13T19:00:01","date_gmt":"2026-01-13T18:00:01","guid":{"rendered":"https:\/\/www.pedagogie.ac-nice.fr\/MIGR-sti-voie-pro\/?page_id=201"},"modified":"2026-04-02T01:40:26","modified_gmt":"2026-04-01T23:40:26","slug":"projets","status":"publish","type":"page","link":"https:\/\/www.pedagogie.ac-nice.fr\/sti-voie-pro\/projets\/","title":{"rendered":"Projets"},"content":{"rendered":"<p>Nombre de vues : 4<\/p>\n<hr \/>\n<p>Bonjour,<\/p>\n<p>vous trouverez tous les projets et TP r\u00e9alis\u00e9s dans le STI de la voie professionnelle et plus particuli\u00e8rement en MTNE.<\/p>\n<p>Merci.<\/p>\n<p>Cordialement,<br \/>\nM. FERRERO Franck, Correspondant au Num\u00e9rique en STI de la voie Professionnelle.<\/p>\n","protected":false},"excerpt":{"rendered":"<p>Nombre de vues : Bonjour, vous trouverez tous les projets et TP r\u00e9alis\u00e9s dans le STI de la voie professionnelle et plus particuli\u00e8rement en MTNE. Merci. Cordialement, M. FERRERO Franck, Correspondant au Num\u00e9rique en STI de la voie Professionnelle.<\/p>\n","protected":false},"author":166,"featured_media":0,"parent":0,"menu_order":0,"comment_status":"closed","ping_status":"closed","template":"","meta":{"footnotes":""},"class_list":["post-201","page","type-page","status-publish","hentry","nodate","item-wrap"],"rttpg_featured_image_url":null,"rttpg_author":{"display_name":"fferrero","author_link":"https:\/\/www.pedagogie.ac-nice.fr\/sti-voie-pro\/author\/fferrero\/"},"rttpg_comment":0,"rttpg_category":null,"rttpg_excerpt":"Nombre de vues : Bonjour, vous trouverez tous les projets et TP r\u00e9alis\u00e9s dans le STI de la voie professionnelle et plus particuli\u00e8rement en MTNE. Merci. Cordialement, M. FERRERO Franck, Correspondant au Num\u00e9rique en STI de la voie Professionnelle.","post_mailing_queue_ids":[],"_links":{"self":[{"href":"https:\/\/www.pedagogie.ac-nice.fr\/sti-voie-pro\/wp-json\/wp\/v2\/pages\/201","targetHints":{"allow":["GET"]}}],"collection":[{"href":"https:\/\/www.pedagogie.ac-nice.fr\/sti-voie-pro\/wp-json\/wp\/v2\/pages"}],"about":[{"href":"https:\/\/www.pedagogie.ac-nice.fr\/sti-voie-pro\/wp-json\/wp\/v2\/types\/page"}],"author":[{"embeddable":true,"href":"https:\/\/www.pedagogie.ac-nice.fr\/sti-voie-pro\/wp-json\/wp\/v2\/users\/166"}],"replies":[{"embeddable":true,"href":"https:\/\/www.pedagogie.ac-nice.fr\/sti-voie-pro\/wp-json\/wp\/v2\/comments?post=201"}],"version-history":[{"count":7,"href":"https:\/\/www.pedagogie.ac-nice.fr\/sti-voie-pro\/wp-json\/wp\/v2\/pages\/201\/revisions"}],"predecessor-version":[{"id":1745,"href":"https:\/\/www.pedagogie.ac-nice.fr\/sti-voie-pro\/wp-json\/wp\/v2\/pages\/201\/revisions\/1745"}],"wp:attachment":[{"href":"https:\/\/www.pedagogie.ac-nice.fr\/sti-voie-pro\/wp-json\/wp\/v2\/media?parent=201"}],"curies":[{"name":"wp","href":"https:\/\/api.w.org\/{rel}","templated":true}]}}