{"id":779,"date":"2026-01-17T15:05:20","date_gmt":"2026-01-17T14:05:20","guid":{"rendered":"https:\/\/www.pedagogie.ac-nice.fr\/MIGR-sti-voie-pro\/?page_id=779"},"modified":"2026-04-02T01:42:28","modified_gmt":"2026-04-01T23:42:28","slug":"travaux-sur-la-realite-virtuelle-et-augmentee","status":"publish","type":"page","link":"https:\/\/www.pedagogie.ac-nice.fr\/sti-voie-pro\/travaux-sur-la-realite-virtuelle-et-augmentee\/","title":{"rendered":"Travaux sur la R\u00e9alit\u00e9 Virtuelle, Augment\u00e9e et sur le M\u00e9tavers p\u00e9dagogique sans oublier l&rsquo;IA"},"content":{"rendered":"<p>Nombre de vues : 9<\/p>\n<hr \/>\n<p>Bonjour,<\/p>\n<p>vous trouverez toutes les exp\u00e9rimentations pass\u00e9es et \u00e0 venir sur la R\u00e9alit\u00e9 Virtuelle, Augment\u00e9e et sur un M\u00e9tavers p\u00e9dagogique sans oublier l&rsquo;Intelligence Artificielle (IA).<\/p>\n<div class=\"entry-content clearfix\">\n<p>Merci.<\/p>\n<p>Cordialement,<br \/>\nM. FERRERO Franck, Correspondant au Num\u00e9rique en STI de la voie Professionnelle.<\/p>\n<\/div>\n","protected":false},"excerpt":{"rendered":"<p>Nombre de vues : Bonjour, vous trouverez toutes les exp\u00e9rimentations pass\u00e9es et \u00e0 venir sur la R\u00e9alit\u00e9 Virtuelle, Augment\u00e9e et sur un M\u00e9tavers p\u00e9dagogique sans oublier l&rsquo;Intelligence Artificielle (IA). Merci. Cordialement, M. FERRERO Franck, Correspondant au Num\u00e9rique en STI de la voie Professionnelle.<\/p>\n","protected":false},"author":166,"featured_media":0,"parent":0,"menu_order":0,"comment_status":"closed","ping_status":"closed","template":"","meta":{"footnotes":""},"class_list":["post-779","page","type-page","status-publish","hentry","nodate","item-wrap"],"rttpg_featured_image_url":null,"rttpg_author":{"display_name":"fferrero","author_link":"https:\/\/www.pedagogie.ac-nice.fr\/sti-voie-pro\/author\/fferrero\/"},"rttpg_comment":0,"rttpg_category":null,"rttpg_excerpt":"Nombre de vues : Bonjour, vous trouverez toutes les exp\u00e9rimentations pass\u00e9es et \u00e0 venir sur la R\u00e9alit\u00e9 Virtuelle, Augment\u00e9e et sur un M\u00e9tavers p\u00e9dagogique sans oublier l&rsquo;Intelligence Artificielle (IA). Merci. Cordialement, M. FERRERO Franck, Correspondant au Num\u00e9rique en STI de la voie Professionnelle.","post_mailing_queue_ids":[],"_links":{"self":[{"href":"https:\/\/www.pedagogie.ac-nice.fr\/sti-voie-pro\/wp-json\/wp\/v2\/pages\/779","targetHints":{"allow":["GET"]}}],"collection":[{"href":"https:\/\/www.pedagogie.ac-nice.fr\/sti-voie-pro\/wp-json\/wp\/v2\/pages"}],"about":[{"href":"https:\/\/www.pedagogie.ac-nice.fr\/sti-voie-pro\/wp-json\/wp\/v2\/types\/page"}],"author":[{"embeddable":true,"href":"https:\/\/www.pedagogie.ac-nice.fr\/sti-voie-pro\/wp-json\/wp\/v2\/users\/166"}],"replies":[{"embeddable":true,"href":"https:\/\/www.pedagogie.ac-nice.fr\/sti-voie-pro\/wp-json\/wp\/v2\/comments?post=779"}],"version-history":[{"count":8,"href":"https:\/\/www.pedagogie.ac-nice.fr\/sti-voie-pro\/wp-json\/wp\/v2\/pages\/779\/revisions"}],"predecessor-version":[{"id":1751,"href":"https:\/\/www.pedagogie.ac-nice.fr\/sti-voie-pro\/wp-json\/wp\/v2\/pages\/779\/revisions\/1751"}],"wp:attachment":[{"href":"https:\/\/www.pedagogie.ac-nice.fr\/sti-voie-pro\/wp-json\/wp\/v2\/media?parent=779"}],"curies":[{"name":"wp","href":"https:\/\/api.w.org\/{rel}","templated":true}]}}