{"id":781,"date":"2026-01-17T15:05:21","date_gmt":"2026-01-17T14:05:21","guid":{"rendered":"https:\/\/www.pedagogie.ac-nice.fr\/MIGR-sti-voie-pro\/?page_id=781"},"modified":"2026-04-02T01:41:38","modified_gmt":"2026-04-01T23:41:38","slug":"travaux-sur-la-ra","status":"publish","type":"page","link":"https:\/\/www.pedagogie.ac-nice.fr\/sti-voie-pro\/travaux-sur-la-ra\/","title":{"rendered":"Travaux sur la R\u00e9alit\u00e9 Augment\u00e9e (RA)"},"content":{"rendered":"<p>Nombre de vues : 26<\/p>\n<hr \/>\n<p><a href=\"https:\/\/www.pedagogie.ac-nice.fr\/MIGR-sti-voie-pro\/travaux-sur-la-ra\/chatgpt-image-27-janv-2026-20_35_20\/\" rel=\"attachment wp-att-1092\"><img loading=\"lazy\" decoding=\"async\" class=\"alignnone wp-image-1092\" src=\"https:\/\/www.pedagogie.ac-nice.fr\/MIGR-sti-voie-pro\/wp-content\/uploads\/sites\/73\/2026\/01\/ChatGPT-Image-27-janv.-2026-20_35_20-e1769543027564-300x230.png\" alt=\"\" width=\"269\" height=\"206\" srcset=\"https:\/\/www.pedagogie.ac-nice.fr\/sti-voie-pro\/wp-content\/uploads\/sites\/73\/2026\/01\/ChatGPT-Image-27-janv.-2026-20_35_20-e1769543027564-300x230.png 300w, https:\/\/www.pedagogie.ac-nice.fr\/sti-voie-pro\/wp-content\/uploads\/sites\/73\/2026\/01\/ChatGPT-Image-27-janv.-2026-20_35_20-e1769543027564-768x588.png 768w, https:\/\/www.pedagogie.ac-nice.fr\/sti-voie-pro\/wp-content\/uploads\/sites\/73\/2026\/01\/ChatGPT-Image-27-janv.-2026-20_35_20-e1769543027564-645x494.png 645w, https:\/\/www.pedagogie.ac-nice.fr\/sti-voie-pro\/wp-content\/uploads\/sites\/73\/2026\/01\/ChatGPT-Image-27-janv.-2026-20_35_20-e1769543027564.png 886w\" sizes=\"auto, (max-width: 269px) 100vw, 269px\" \/><\/a><\/p>\n<p>&nbsp;<\/p>\n<p>L&rsquo;enseignement de l&rsquo;histoire \u00e0 l&rsquo;\u00e9cole \u00e9l\u00e9mentaire vise \u00e0 d\u00e9velopper une pens\u00e9e historienne fond\u00e9e sur la contextualisation, la compr\u00e9hension de concepts abstraits. Toutefois, la complexit\u00e9 de ces apprentissages et les difficult\u00e9s rencontr\u00e9es par les enseignants limitent souvent leur appropriation par les \u00e9l\u00e8ves. Cet article explore le potentiel de la r\u00e9alit\u00e9 augment\u00e9e (RA) pour soutenir non seulement l&rsquo;engagement, mais \u00e9galement l&rsquo;activation de processus m\u00e9tacognitifs : planification, autor\u00e9gulation et \u00e9valuation, dans l&rsquo;apprentissage de l&rsquo;histoire. Dans l&rsquo;optique de d\u00e9velopper un prochain dispositif de carte augment\u00e9e, une exp\u00e9rimentation a \u00e9t\u00e9 men\u00e9e aupr\u00e8s d&rsquo;\u00e9l\u00e8ves de CM2 sur un outil de RA Cleverbooks. Deux groupes d&rsquo;\u00e9l\u00e8ves ont exp\u00e9riment\u00e9 un m\u00eame sc\u00e9nario d&rsquo;apprentissage : l&rsquo;un a b\u00e9n\u00e9fici\u00e9 d&rsquo;un \u00e9tayage bas\u00e9 sur les trois dimensions de la m\u00e9tacognition, l&rsquo;autre n&rsquo;a re\u00e7u aucune strat\u00e9gie m\u00e9tacognitive. Les premiers r\u00e9sultats n&rsquo;ont pas mis en \u00e9vidence de diff\u00e9rences significatives sur l&rsquo;efficacit\u00e9 d&rsquo;une approche m\u00e9tacognitive. Toutefois, ils r\u00e9v\u00e8lent que l&rsquo;exp\u00e9rience de la RA n\u00e9cessite, un \u00e9tayage m\u00e9tacognitif \u00e0 la fois dans la navigation et l&rsquo;affichage d&rsquo;informations pr\u00e9sentes dans l&rsquo;interface et dans la structuration de l&rsquo;apprentissage en amont, afin de favoriser l&rsquo;\u00e9mergence des r\u00e9flexes m\u00e9tacognitifs. Ce catalogue de donn\u00e9es devra \u00eatre pris en compte lors de la conception de la carte augment\u00e9e afin de pr\u00e9voir des modalit\u00e9s d&rsquo;\u00e9tayage adapt\u00e9es, d&rsquo;am\u00e9liorer l&rsquo;ergonomie de l&rsquo;interface, et de favoriser l&rsquo;activation de strat\u00e9gies m\u00e9tacognitives.<\/p>\n<p>&nbsp;<\/p>\n<p>N\u00e9d\u00e9lec, X., &amp; Hulin, T. (2025, June). La r\u00e9alit\u00e9 augment\u00e9e pour apprendre l&rsquo;histoire \u00e0 l&rsquo;\u00e9cole \u00e9l\u00e9mentaire. In <i>EIAH 2025-Conf\u00e9rence sur les Environnements Informatiques pour l&rsquo;Apprentissage Humain\/EduIHM-Atelier Education et Apprentissage<\/i>.<\/p>\n<p>Xavier N\u00e9d\u00e9lec, Thibaud Hulin. La r\u00e9alit\u00e9 augment\u00e9e pour apprendre l&rsquo;histoire \u00e0 l&rsquo;\u00e9cole \u00e9l\u00e9mentaire. <i>EIAH 2025 &#8211; Conf\u00e9rence sur les Environnements Informatiques pour l&rsquo;Apprentissage Humain \/ EduIHM &#8211; Atelier Education et Apprentissage<\/i>, Jun 2025, Lille, France. <a href=\"https:\/\/inria.hal.science\/hal-05167581v1\" target=\"_blank\" rel=\"noopener\">\u27e8hal-05167581\u27e9<\/a><\/p>\n","protected":false},"excerpt":{"rendered":"<p>Nombre de vues : &nbsp; L&rsquo;enseignement de l&rsquo;histoire \u00e0 l&rsquo;\u00e9cole \u00e9l\u00e9mentaire vise \u00e0 d\u00e9velopper une pens\u00e9e historienne fond\u00e9e sur la contextualisation, la compr\u00e9hension de concepts abstraits. Toutefois, la complexit\u00e9 de ces apprentissages et les difficult\u00e9s rencontr\u00e9es par les enseignants limitent souvent leur appropriation par les \u00e9l\u00e8ves. Cet article explore le potentiel de la r\u00e9alit\u00e9 augment\u00e9e &hellip; <\/p>\n<p><a class=\"more-link btn\" href=\"https:\/\/www.pedagogie.ac-nice.fr\/sti-voie-pro\/travaux-sur-la-ra\/\">Lire la suite<\/a><\/p>\n","protected":false},"author":166,"featured_media":0,"parent":0,"menu_order":0,"comment_status":"closed","ping_status":"closed","template":"","meta":{"footnotes":""},"class_list":["post-781","page","type-page","status-publish","hentry","nodate","item-wrap"],"rttpg_featured_image_url":null,"rttpg_author":{"display_name":"fferrero","author_link":"https:\/\/www.pedagogie.ac-nice.fr\/sti-voie-pro\/author\/fferrero\/"},"rttpg_comment":0,"rttpg_category":null,"rttpg_excerpt":"Nombre de vues : &nbsp; L&rsquo;enseignement de l&rsquo;histoire \u00e0 l&rsquo;\u00e9cole \u00e9l\u00e9mentaire vise \u00e0 d\u00e9velopper une pens\u00e9e historienne fond\u00e9e sur la contextualisation, la compr\u00e9hension de concepts abstraits. Toutefois, la complexit\u00e9 de ces apprentissages et les difficult\u00e9s rencontr\u00e9es par les enseignants limitent souvent leur appropriation par les \u00e9l\u00e8ves. Cet article explore le potentiel de la r\u00e9alit\u00e9 augment\u00e9e\u2026","post_mailing_queue_ids":[],"_links":{"self":[{"href":"https:\/\/www.pedagogie.ac-nice.fr\/sti-voie-pro\/wp-json\/wp\/v2\/pages\/781","targetHints":{"allow":["GET"]}}],"collection":[{"href":"https:\/\/www.pedagogie.ac-nice.fr\/sti-voie-pro\/wp-json\/wp\/v2\/pages"}],"about":[{"href":"https:\/\/www.pedagogie.ac-nice.fr\/sti-voie-pro\/wp-json\/wp\/v2\/types\/page"}],"author":[{"embeddable":true,"href":"https:\/\/www.pedagogie.ac-nice.fr\/sti-voie-pro\/wp-json\/wp\/v2\/users\/166"}],"replies":[{"embeddable":true,"href":"https:\/\/www.pedagogie.ac-nice.fr\/sti-voie-pro\/wp-json\/wp\/v2\/comments?post=781"}],"version-history":[{"count":10,"href":"https:\/\/www.pedagogie.ac-nice.fr\/sti-voie-pro\/wp-json\/wp\/v2\/pages\/781\/revisions"}],"predecessor-version":[{"id":1749,"href":"https:\/\/www.pedagogie.ac-nice.fr\/sti-voie-pro\/wp-json\/wp\/v2\/pages\/781\/revisions\/1749"}],"wp:attachment":[{"href":"https:\/\/www.pedagogie.ac-nice.fr\/sti-voie-pro\/wp-json\/wp\/v2\/media?parent=781"}],"curies":[{"name":"wp","href":"https:\/\/api.w.org\/{rel}","templated":true}]}}