{"id":782,"date":"2026-01-17T15:05:21","date_gmt":"2026-01-17T14:05:21","guid":{"rendered":"https:\/\/www.pedagogie.ac-nice.fr\/MIGR-sti-voie-pro\/?page_id=782"},"modified":"2026-04-02T01:41:04","modified_gmt":"2026-04-01T23:41:04","slug":"travaux-sur-les-metavers-pedagogiques","status":"publish","type":"page","link":"https:\/\/www.pedagogie.ac-nice.fr\/sti-voie-pro\/travaux-sur-les-metavers-pedagogiques\/","title":{"rendered":"Soci\u00e9t\u00e9 Immersive Factory (projet RVRC 4.0 Acad\u00e9mie de Lille)"},"content":{"rendered":"<p>Nombre de vues : 38<\/p>\n<hr \/>\n<p><a href=\"https:\/\/immersivefactory.com\/fr\/recherche-innovation\/255-La-r%C3%A9alit%C3%A9-virtuelle-au-service-de-la-relation-client\" target=\"_blank\" rel=\"noopener\"><img loading=\"lazy\" decoding=\"async\" class=\"alignnone wp-image-1183 size-full\" src=\"https:\/\/www.pedagogie.ac-nice.fr\/MIGR-sti-voie-pro\/wp-content\/uploads\/sites\/73\/2026\/01\/immersive_factory_logo.jpg\" alt=\"\" width=\"100\" height=\"100\" \/><\/a><\/p>\n<p><a href=\"https:\/\/www.pedagogie.ac-nice.fr\/MIGR-sti-voie-pro\/travaux-sur-les-metavers-pedagogiques\/chatgpt-image-27-janv-2026-20_45_28\/\" rel=\"attachment wp-att-1096\"><img loading=\"lazy\" decoding=\"async\" class=\"alignnone wp-image-1096\" src=\"https:\/\/www.pedagogie.ac-nice.fr\/MIGR-sti-voie-pro\/wp-content\/uploads\/sites\/73\/2026\/01\/ChatGPT-Image-27-janv.-2026-20_45_28-e1769543224821-300x230.png\" alt=\"\" width=\"263\" height=\"202\" srcset=\"https:\/\/www.pedagogie.ac-nice.fr\/sti-voie-pro\/wp-content\/uploads\/sites\/73\/2026\/01\/ChatGPT-Image-27-janv.-2026-20_45_28-e1769543224821-300x230.png 300w, https:\/\/www.pedagogie.ac-nice.fr\/sti-voie-pro\/wp-content\/uploads\/sites\/73\/2026\/01\/ChatGPT-Image-27-janv.-2026-20_45_28-e1769543224821-768x590.png 768w, https:\/\/www.pedagogie.ac-nice.fr\/sti-voie-pro\/wp-content\/uploads\/sites\/73\/2026\/01\/ChatGPT-Image-27-janv.-2026-20_45_28-e1769543224821-645x495.png 645w, https:\/\/www.pedagogie.ac-nice.fr\/sti-voie-pro\/wp-content\/uploads\/sites\/73\/2026\/01\/ChatGPT-Image-27-janv.-2026-20_45_28-e1769543224821.png 906w\" sizes=\"auto, (max-width: 263px) 100vw, 263px\" \/><\/a><\/p>\n<h2 class=\"pvs-header__title text-heading-large\" style=\"text-align: center;\">2025<\/h2>\n<p style=\"text-align: center;\"><strong>Voici le projet sur lequel j&rsquo;ai travaill\u00e9 en tant que charg\u00e9 de mission DRANE Nice sur la R\u00e9alit\u00e9 Virtuelle.<\/strong><\/p>\n<p style=\"text-align: center;\">Cependant je n&rsquo;ai pas utilis\u00e9 la plateforme d&rsquo;<a href=\"https:\/\/immersivefactory.com\/fr\/recherche-innovation\/255-La-r%C3%A9alit%C3%A9-virtuelle-au-service-de-la-relation-client\" target=\"_blank\" rel=\"noopener\">Immersive Factory<\/a> car celle ci \u00e9tait d\u00e9volue \u00e0\u00a0 l&rsquo;Acad\u00e9mie de Lille. <strong>J&rsquo;ai utilis\u00e9 l\u2019autre plateforme pour l&rsquo;Acad\u00e9mie de Nice et d&rsquo;Aix-Marseille : <a href=\"https:\/\/www.pedagogie.ac-nice.fr\/sti-voie-pro\/plateforme-immersivcolab-projet-rvrc-4-0-academies-de-nice-et-daix-marseille\/\">Voir ce menu<\/a><\/strong><\/p>\n<p style=\"text-align: center;\"><strong><iframe loading=\"lazy\" title=\"YouTube video player\" src=\"https:\/\/ladigitale.dev\/digiview\/#\/v\/697d003f9e5ed\" width=\"560\" height=\"430\" frameborder=\"0\" allowfullscreen=\"allowfullscreen\"><span style=\"display: inline-block; width: 0px; overflow: hidden; line-height: 0;\" data-mce-type=\"bookmark\" class=\"mce_SELRES_start\">\ufeff<\/span><span style=\"display: inline-block; width: 0px; overflow: hidden; line-height: 0;\" data-mce-type=\"bookmark\" class=\"mce_SELRES_start\">\ufeff<\/span><\/iframe><\/strong><\/p>\n<p style=\"text-align: center;\"><a href=\"https:\/\/immersivefactory.com\/fr\/recherche-innovation\/428-LIA-G%C3%A9n%C3%A9rative-et-la-VR-au-service-de-la-Relation-Client\" target=\"_blank\" rel=\"noopener\"><strong>Projet RVRC 4.0 : Travaux sur le M\u00e9tavers P\u00e9dagogique, GIP ViaPro Acad\u00e9mie de Lille.<\/strong><\/a><\/p>\n<p style=\"text-align: center;\"><iframe loading=\"lazy\" title=\"YouTube video player\" src=\"https:\/\/ladigitale.dev\/digiview\/#\/v\/69791f5b4d062\" width=\"560\" height=\"430\" frameborder=\"0\" allowfullscreen=\"allowfullscreen\"><span style=\"display: inline-block; width: 0px; overflow: hidden; line-height: 0;\" data-mce-type=\"bookmark\" class=\"mce_SELRES_start\">\ufeff<\/span><span style=\"display: inline-block; width: 0px; overflow: hidden; line-height: 0;\" data-mce-type=\"bookmark\" class=\"mce_SELRES_start\">\ufeff<\/span><span style=\"display: inline-block; width: 0px; overflow: hidden; line-height: 0;\" data-mce-type=\"bookmark\" class=\"mce_SELRES_start\">\ufeff<\/span><\/iframe><\/p>\n<div><\/div>\n<p style=\"text-align: center;\"><iframe loading=\"lazy\" title=\"YouTube video player\" src=\"https:\/\/ladigitale.dev\/digiview\/#\/v\/69791e906f88b\" width=\"560\" height=\"430\" frameborder=\"0\" allowfullscreen=\"allowfullscreen\"><span style=\"display: inline-block; width: 0px; overflow: hidden; line-height: 0;\" data-mce-type=\"bookmark\" class=\"mce_SELRES_start\">\ufeff<\/span><\/iframe><\/p>\n<p>Toutes les vid\u00e9os sur cette page : <a href=\"https:\/\/monavenirpro-hdf.fr\/notre-reseau\/gip-viapro\/rvrc-4-0\/\" target=\"_blank\" rel=\"noopener\">https:\/\/monavenirpro-hdf.fr\/notre-reseau\/gip-viapro\/rvrc-4-0\/<\/a><\/p>\n<p>&nbsp;<\/p>\n<p>M. FERRERO Franck, Correspondant au Num\u00e9rique en STI de la voie Professionnelle.<\/p>\n","protected":false},"excerpt":{"rendered":"<p>Nombre de vues : 2025 Voici le projet sur lequel j&rsquo;ai travaill\u00e9 en tant que charg\u00e9 de mission DRANE Nice sur la R\u00e9alit\u00e9 Virtuelle. Cependant je n&rsquo;ai pas utilis\u00e9 la plateforme d&rsquo;Immersive Factory car celle ci \u00e9tait d\u00e9volue \u00e0\u00a0 l&rsquo;Acad\u00e9mie de Lille. J&rsquo;ai utilis\u00e9 l\u2019autre plateforme pour l&rsquo;Acad\u00e9mie de Nice et d&rsquo;Aix-Marseille : Voir ce &hellip; <\/p>\n<p><a class=\"more-link btn\" href=\"https:\/\/www.pedagogie.ac-nice.fr\/sti-voie-pro\/travaux-sur-les-metavers-pedagogiques\/\">Lire la suite<\/a><\/p>\n","protected":false},"author":166,"featured_media":0,"parent":0,"menu_order":0,"comment_status":"closed","ping_status":"closed","template":"","meta":{"footnotes":""},"class_list":["post-782","page","type-page","status-publish","hentry","nodate","item-wrap"],"rttpg_featured_image_url":null,"rttpg_author":{"display_name":"fferrero","author_link":"https:\/\/www.pedagogie.ac-nice.fr\/sti-voie-pro\/author\/fferrero\/"},"rttpg_comment":0,"rttpg_category":null,"rttpg_excerpt":"Nombre de vues : 2025 Voici le projet sur lequel j&rsquo;ai travaill\u00e9 en tant que charg\u00e9 de mission DRANE Nice sur la R\u00e9alit\u00e9 Virtuelle. Cependant je n&rsquo;ai pas utilis\u00e9 la plateforme d&rsquo;Immersive Factory car celle ci \u00e9tait d\u00e9volue \u00e0\u00a0 l&rsquo;Acad\u00e9mie de Lille. J&rsquo;ai utilis\u00e9 l\u2019autre plateforme pour l&rsquo;Acad\u00e9mie de Nice et d&rsquo;Aix-Marseille : Voir ce\u2026","post_mailing_queue_ids":[],"_links":{"self":[{"href":"https:\/\/www.pedagogie.ac-nice.fr\/sti-voie-pro\/wp-json\/wp\/v2\/pages\/782","targetHints":{"allow":["GET"]}}],"collection":[{"href":"https:\/\/www.pedagogie.ac-nice.fr\/sti-voie-pro\/wp-json\/wp\/v2\/pages"}],"about":[{"href":"https:\/\/www.pedagogie.ac-nice.fr\/sti-voie-pro\/wp-json\/wp\/v2\/types\/page"}],"author":[{"embeddable":true,"href":"https:\/\/www.pedagogie.ac-nice.fr\/sti-voie-pro\/wp-json\/wp\/v2\/users\/166"}],"replies":[{"embeddable":true,"href":"https:\/\/www.pedagogie.ac-nice.fr\/sti-voie-pro\/wp-json\/wp\/v2\/comments?post=782"}],"version-history":[{"count":33,"href":"https:\/\/www.pedagogie.ac-nice.fr\/sti-voie-pro\/wp-json\/wp\/v2\/pages\/782\/revisions"}],"predecessor-version":[{"id":1747,"href":"https:\/\/www.pedagogie.ac-nice.fr\/sti-voie-pro\/wp-json\/wp\/v2\/pages\/782\/revisions\/1747"}],"wp:attachment":[{"href":"https:\/\/www.pedagogie.ac-nice.fr\/sti-voie-pro\/wp-json\/wp\/v2\/media?parent=782"}],"curies":[{"name":"wp","href":"https:\/\/api.w.org\/{rel}","templated":true}]}}