{"id":268,"date":"2018-01-14T08:56:22","date_gmt":"2018-01-14T07:56:22","guid":{"rendered":"https:\/\/www.pedagogie.ac-nice.fr\/svt\/?page_id=268"},"modified":"2025-12-19T13:38:26","modified_gmt":"2025-12-19T12:38:26","slug":"carnet-dadresse","status":"publish","type":"page","link":"https:\/\/www.pedagogie.ac-nice.fr\/svt\/?page_id=268","title":{"rendered":"Contacts"},"content":{"rendered":"<p align=\"left\"><img loading=\"lazy\" decoding=\"async\" class=\" wp-image-304 alignright\" src=\"https:\/\/www.pedagogie.ac-nice.fr\/svt\/wp-content\/uploads\/sites\/5\/2018\/01\/address-book-98482_640-1-297x300.png\" alt=\"\" width=\"143\" height=\"144\" srcset=\"https:\/\/www.pedagogie.ac-nice.fr\/svt\/wp-content\/uploads\/sites\/5\/2018\/01\/address-book-98482_640-1-297x300.png 297w, https:\/\/www.pedagogie.ac-nice.fr\/svt\/wp-content\/uploads\/sites\/5\/2018\/01\/address-book-98482_640-1-150x150.png 150w, https:\/\/www.pedagogie.ac-nice.fr\/svt\/wp-content\/uploads\/sites\/5\/2018\/01\/address-book-98482_640-1.png 634w\" sizes=\"auto, (max-width: 143px) 100vw, 143px\" \/><\/p>\n<p align=\"left\">Le carnet d&rsquo;adresses vous aidera \u00e0 trouver les coordonn\u00e9es des personnes ressources de l&rsquo;acad\u00e9mie.<\/p>\n<p align=\"left\">Vous y trouverez aussi les coordonn\u00e9es de plusieurs organismes ainsi que les <a href=\"https:\/\/www.pedagogie.ac-nice.fr\/svt\/?p=287\">adresses \u00e9lectroniques des coordonnateurs (lyc\u00e9e)<\/a>.<\/p>\n<p align=\"left\">Nous vous proposons aussi une s\u00e9lection de liens qui pourront vous \u00eatre utiles &#8230;<\/p>\n<ul>\n<li>Une Inspectrice d&rsquo;Acad\u00e9mie-Inspectrice P\u00e9dagogique R\u00e9gional (IA-IPR) :<br \/>\n<a href=\"mailto:Christiane.Vinciguerra-Cerami@ac-nice.fr\">Christiane Vinciguerra-Cerami<\/a>, <a href=\"mailto:Christiane.Vinciguerra-Cerami@ac-nice.fr\">B\u00e9atrice Lecourt-Capdeville<\/a><\/li>\n<li><a href=\"mailto:philippe.cosentino@ac-nice.fr\">l&rsquo;IAN (Philippe COSENTINO)<\/a><\/li>\n<li><a href=\"mailto:magali.tacchi@ac-nice.fr\">le webmestre (Magali TACCHI)&nbsp;<\/a><\/li>\n<li><a href=\"http:\/\/nice.apbg.org\/author\/nice\/\" target=\"_blank\" rel=\"noopener noreferrer\">l&rsquo;APBG r\u00e9gionale de Nice<\/a><\/li>\n<li>un mus\u00e9e ou un laboratoire (dans l&rsquo;acad\u00e9mie)<\/li>\n<li><a href=\"http:\/\/www.iufm.unice.fr:5000\/application\/spip\/rubrique.php3?id_rubrique=15\" target=\"_blank\" rel=\"noopener noreferrer\">le d\u00e9partement SVT de l&rsquo;ESPE&nbsp;<\/a><\/li>\n<\/ul>\n<p>&nbsp;<\/p>\n","protected":false},"excerpt":{"rendered":"<p>Le carnet d&rsquo;adresses vous aidera \u00e0 trouver les coordonn\u00e9es des personnes ressources de l&rsquo;acad\u00e9mie. Vous y trouverez aussi les coordonn\u00e9es de plusieurs organismes ainsi que les adresses \u00e9lectroniques des coordonnateurs (lyc\u00e9e). Nous vous proposons aussi une s\u00e9lection de liens qui pourront vous \u00eatre utiles &#8230; Une Inspectrice d&rsquo;Acad\u00e9mie-Inspectrice P\u00e9dagogique R\u00e9gional (IA-IPR) : Christiane Vinciguerra-Cerami, B\u00e9atrice &hellip; <\/p>\n<p><a class=\"more-link btn\" href=\"https:\/\/www.pedagogie.ac-nice.fr\/svt\/?page_id=268\">Lire la suite<\/a><\/p>\n","protected":false},"author":114,"featured_media":0,"parent":0,"menu_order":0,"comment_status":"closed","ping_status":"closed","template":"","meta":{"ngg_post_thumbnail":0,"footnotes":""},"class_list":["post-268","page","type-page","status-publish","hentry","nodate","item-wrap"],"rttpg_featured_image_url":null,"rttpg_author":{"display_name":"luciemeyer","author_link":"https:\/\/www.pedagogie.ac-nice.fr\/svt\/?author=114"},"rttpg_comment":0,"rttpg_category":null,"rttpg_excerpt":"Le carnet d&rsquo;adresses vous aidera \u00e0 trouver les coordonn\u00e9es des personnes ressources de l&rsquo;acad\u00e9mie. Vous y trouverez aussi les coordonn\u00e9es de plusieurs organismes ainsi que les adresses \u00e9lectroniques des coordonnateurs (lyc\u00e9e). Nous vous proposons aussi une s\u00e9lection de liens qui pourront vous \u00eatre utiles &#8230; Une Inspectrice d&rsquo;Acad\u00e9mie-Inspectrice P\u00e9dagogique R\u00e9gional (IA-IPR) : Christiane Vinciguerra-Cerami, B\u00e9atrice\u2026","post_mailing_queue_ids":[],"_links":{"self":[{"href":"https:\/\/www.pedagogie.ac-nice.fr\/svt\/index.php?rest_route=\/wp\/v2\/pages\/268","targetHints":{"allow":["GET"]}}],"collection":[{"href":"https:\/\/www.pedagogie.ac-nice.fr\/svt\/index.php?rest_route=\/wp\/v2\/pages"}],"about":[{"href":"https:\/\/www.pedagogie.ac-nice.fr\/svt\/index.php?rest_route=\/wp\/v2\/types\/page"}],"author":[{"embeddable":true,"href":"https:\/\/www.pedagogie.ac-nice.fr\/svt\/index.php?rest_route=\/wp\/v2\/users\/114"}],"replies":[{"embeddable":true,"href":"https:\/\/www.pedagogie.ac-nice.fr\/svt\/index.php?rest_route=%2Fwp%2Fv2%2Fcomments&post=268"}],"version-history":[{"count":13,"href":"https:\/\/www.pedagogie.ac-nice.fr\/svt\/index.php?rest_route=\/wp\/v2\/pages\/268\/revisions"}],"predecessor-version":[{"id":5392,"href":"https:\/\/www.pedagogie.ac-nice.fr\/svt\/index.php?rest_route=\/wp\/v2\/pages\/268\/revisions\/5392"}],"wp:attachment":[{"href":"https:\/\/www.pedagogie.ac-nice.fr\/svt\/index.php?rest_route=%2Fwp%2Fv2%2Fmedia&parent=268"}],"curies":[{"name":"wp","href":"https:\/\/api.w.org\/{rel}","templated":true}]}}